{"id":23511,"date":"2024-11-29T14:51:01","date_gmt":"2024-11-29T13:51:01","guid":{"rendered":"https:\/\/brandification.com\/de\/?page_id=23511"},"modified":"2025-01-29T12:13:29","modified_gmt":"2025-01-29T11:13:29","slug":"evo-fitness-case","status":"publish","type":"page","link":"https:\/\/brandification.com\/de\/evo-fitness-case\/","title":{"rendered":"EVO Fitness Case"},"content":{"rendered":"\t\t<div data-elementor-type=\"wp-page\" data-elementor-id=\"23511\" class=\"elementor elementor-23511\" data-elementor-settings=\"{&quot;ha_cmc_init_switcher&quot;:&quot;no&quot;}\">\n\t\t\t\t\t\t<section class=\"elementor-section elementor-top-section elementor-element elementor-element-26c4661f elementor-section-boxed elementor-section-height-default elementor-section-height-default\" data-id=\"26c4661f\" data-element_type=\"section\" data-e-type=\"section\" data-settings=\"{&quot;_ha_eqh_enable&quot;:false}\">\n\t\t\t\t\t\t<div class=\"elementor-container elementor-column-gap-default\">\n\t\t\t\t\t<div class=\"elementor-column elementor-col-100 elementor-top-column elementor-element elementor-element-c825170\" data-id=\"c825170\" data-element_type=\"column\" data-e-type=\"column\">\n\t\t\t<div class=\"elementor-widget-wrap elementor-element-populated\">\n\t\t\t\t\t\t<section class=\"elementor-section elementor-inner-section elementor-element elementor-element-dc2a7c0 elementor-section-boxed elementor-section-height-default elementor-section-height-default\" data-id=\"dc2a7c0\" data-element_type=\"section\" data-e-type=\"section\" data-settings=\"{&quot;background_background&quot;:&quot;classic&quot;,&quot;_ha_eqh_enable&quot;:false}\">\n\t\t\t\t\t\t<div class=\"elementor-container elementor-column-gap-default\">\n\t\t\t\t\t<div class=\"elementor-column elementor-col-50 elementor-inner-column elementor-element elementor-element-1e064f6\" data-id=\"1e064f6\" data-element_type=\"column\" data-e-type=\"column\" data-settings=\"{&quot;background_background&quot;:&quot;classic&quot;}\">\n\t\t\t<div class=\"elementor-widget-wrap elementor-element-populated\">\n\t\t\t\t\t\t<div class=\"elementor-element elementor-element-0578a64 elementor-widget elementor-widget-heading\" data-id=\"0578a64\" data-element_type=\"widget\" data-e-type=\"widget\" data-widget_type=\"heading.default\">\n\t\t\t\t<div class=\"elementor-widget-container\">\n\t\t\t\t\t<h1 class=\"elementor-heading-title elementor-size-default\">Wie k\u00f6nnen KI-L\u00f6sungen das Brand Touchpoint Management revolutionieren?<\/h1>\t\t\t\t<\/div>\n\t\t\t\t<\/div>\n\t\t\t\t<div class=\"elementor-element elementor-element-60dd50d elementor-widget elementor-widget-text-editor\" data-id=\"60dd50d\" data-element_type=\"widget\" data-e-type=\"widget\" data-widget_type=\"text-editor.default\">\n\t\t\t\t<div class=\"elementor-widget-container\">\n\t\t\t\t\t\t\t\t\t<p>Mit dieser Frage setzt sich Brandification seit langem auseinander und hat innovative Ans\u00e4tze f\u00fcr KI-gest\u00fctztes Brand Touchpoint Management entwickelt und u.a. gemeinsam mit EVO Fitness umgesetzt. Die Erkenntnisse wurden in einem praxisnahen Whitepaper zusammengefasst.<\/p>\t\t\t\t\t\t\t\t<\/div>\n\t\t\t\t<\/div>\n\t\t\t\t<div class=\"elementor-element elementor-element-a2714ec elementor-widget elementor-widget-image\" data-id=\"a2714ec\" data-element_type=\"widget\" data-e-type=\"widget\" data-widget_type=\"image.default\">\n\t\t\t\t<div class=\"elementor-widget-container\">\n\t\t\t\t\t\t\t\t\t\t\t\t\t\t\t<img fetchpriority=\"high\" decoding=\"async\" width=\"227\" height=\"300\" src=\"https:\/\/brandification.com\/de\/wp-content\/uploads\/sites\/4\/2024\/12\/EVO-Case-Whitepaper-Mockup-227x300.png\" class=\"attachment-medium size-medium wp-image-23557\" alt=\"Whitepaper-Cover: EVO Fitness x Brandification \u2013 Use Case zur Skalierung der Brand Experience\" srcset=\"https:\/\/brandification.com\/de\/wp-content\/uploads\/sites\/4\/2024\/12\/EVO-Case-Whitepaper-Mockup-227x300.png 227w, https:\/\/brandification.com\/de\/wp-content\/uploads\/sites\/4\/2024\/12\/EVO-Case-Whitepaper-Mockup-776x1024.png 776w, https:\/\/brandification.com\/de\/wp-content\/uploads\/sites\/4\/2024\/12\/EVO-Case-Whitepaper-Mockup-768x1014.png 768w, https:\/\/brandification.com\/de\/wp-content\/uploads\/sites\/4\/2024\/12\/EVO-Case-Whitepaper-Mockup-1164x1536.png 1164w, https:\/\/brandification.com\/de\/wp-content\/uploads\/sites\/4\/2024\/12\/EVO-Case-Whitepaper-Mockup.png 1515w\" sizes=\"(max-width: 227px) 100vw, 227px\" \/>\t\t\t\t\t\t\t\t\t\t\t\t\t\t\t<\/div>\n\t\t\t\t<\/div>\n\t\t\t\t\t<\/div>\n\t\t<\/div>\n\t\t\t\t<div class=\"elementor-column elementor-col-50 elementor-inner-column elementor-element elementor-element-6408f86\" data-id=\"6408f86\" data-element_type=\"column\" data-e-type=\"column\" data-settings=\"{&quot;background_background&quot;:&quot;classic&quot;}\">\n\t\t\t<div class=\"elementor-widget-wrap elementor-element-populated\">\n\t\t\t\t\t\t<div class=\"elementor-element elementor-element-2ee3739 elementor-widget elementor-widget-spacer\" data-id=\"2ee3739\" data-element_type=\"widget\" data-e-type=\"widget\" data-widget_type=\"spacer.default\">\n\t\t\t\t<div class=\"elementor-widget-container\">\n\t\t\t\t\t\t\t<div class=\"elementor-spacer\">\n\t\t\t<div class=\"elementor-spacer-inner\"><\/div>\n\t\t<\/div>\n\t\t\t\t\t\t<\/div>\n\t\t\t\t<\/div>\n\t\t\t\t<div class=\"elementor-element elementor-element-144df2e elementor-widget elementor-widget-heading\" data-id=\"144df2e\" data-element_type=\"widget\" data-e-type=\"widget\" data-widget_type=\"heading.default\">\n\t\t\t\t<div class=\"elementor-widget-container\">\n\t\t\t\t\t<h2 class=\"elementor-heading-title elementor-size-default\">Whitepaper zum kostenlosen Download \ud83d\udcd4<\/h2>\t\t\t\t<\/div>\n\t\t\t\t<\/div>\n\t\t\t\t<div class=\"elementor-element elementor-element-6fbe8aa elementor-widget elementor-widget-text-editor\" data-id=\"6fbe8aa\" data-element_type=\"widget\" data-e-type=\"widget\" data-widget_type=\"text-editor.default\">\n\t\t\t\t<div class=\"elementor-widget-container\">\n\t\t\t\t\t\t\t\t\t<p>Bitte f\u00fclle das folgende Formular aus. Danach erh\u00e4ltst du den Download Link zum Whitepaper per E-Mail.<\/p>\t\t\t\t\t\t\t\t<\/div>\n\t\t\t\t<\/div>\n\t\t\t\t<div class=\"elementor-element elementor-element-c44d431 elementor-button-align-center elementor-widget elementor-widget-form\" data-id=\"c44d431\" data-element_type=\"widget\" data-e-type=\"widget\" data-settings=\"{&quot;step_next_label&quot;:&quot;Next&quot;,&quot;step_previous_label&quot;:&quot;Previous&quot;,&quot;button_width&quot;:&quot;100&quot;,&quot;step_type&quot;:&quot;number_text&quot;,&quot;step_icon_shape&quot;:&quot;circle&quot;}\" data-widget_type=\"form.default\">\n\t\t\t\t<div class=\"elementor-widget-container\">\n\t\t\t\t\t\t\t<form class=\"elementor-form\" method=\"post\" name=\"EVO Fitness Case Download\">\n\t\t\t<input type=\"hidden\" name=\"post_id\" value=\"23511\"\/>\n\t\t\t<input type=\"hidden\" name=\"form_id\" value=\"c44d431\"\/>\n\t\t\t<input type=\"hidden\" name=\"referer_title\" value=\"Brandification\" \/>\n\n\t\t\t\n\t\t\t<div class=\"elementor-form-fields-wrapper elementor-labels-above\">\n\t\t\t\t\t\t\t\t<div class=\"elementor-field-type-text elementor-field-group elementor-column elementor-field-group-field_0435afe elementor-col-50 elementor-field-required\">\n\t\t\t\t\t\t\t\t\t\t\t\t<label for=\"form-field-field_0435afe\" class=\"elementor-field-label\">\n\t\t\t\t\t\t\t\tVorname <span style=\"color: red;font-weight: bold\">*<\/span>\t\t\t\t\t\t\t<\/label>\n\t\t\t\t\t\t\t\t\t\t\t\t\t\t<input size=\"1\" type=\"text\" name=\"form_fields[field_0435afe]\" id=\"form-field-field_0435afe\" class=\"elementor-field elementor-size-sm  elementor-field-textual\" placeholder=\"Vorname\" required=\"required\" aria-required=\"true\">\n\t\t\t\t\t\t\t\t\t\t\t<\/div>\n\t\t\t\t\t\t\t\t<div class=\"elementor-field-type-text elementor-field-group elementor-column elementor-field-group-field_97f1829 elementor-col-50 elementor-field-required\">\n\t\t\t\t\t\t\t\t\t\t\t\t<label for=\"form-field-field_97f1829\" class=\"elementor-field-label\">\n\t\t\t\t\t\t\t\tName <span style=\"color: red;font-weight: bold\">*<\/span>\t\t\t\t\t\t\t<\/label>\n\t\t\t\t\t\t\t\t\t\t\t\t\t\t<input size=\"1\" type=\"text\" name=\"form_fields[field_97f1829]\" id=\"form-field-field_97f1829\" class=\"elementor-field elementor-size-sm  elementor-field-textual\" placeholder=\"Name\" required=\"required\" aria-required=\"true\">\n\t\t\t\t\t\t\t\t\t\t\t<\/div>\n\t\t\t\t\t\t\t\t<div class=\"elementor-field-type-text elementor-field-group elementor-column elementor-field-group-field_278a83a elementor-col-100 elementor-field-required\">\n\t\t\t\t\t\t\t\t\t\t\t\t<label for=\"form-field-field_278a83a\" class=\"elementor-field-label\">\n\t\t\t\t\t\t\t\tUnternehmen <span style=\"color: red;font-weight: bold\">*<\/span>\t\t\t\t\t\t\t<\/label>\n\t\t\t\t\t\t\t\t\t\t\t\t\t\t<input size=\"1\" type=\"text\" name=\"form_fields[field_278a83a]\" id=\"form-field-field_278a83a\" class=\"elementor-field elementor-size-sm  elementor-field-textual\" placeholder=\"Unternehmen\" required=\"required\" aria-required=\"true\">\n\t\t\t\t\t\t\t\t\t\t\t<\/div>\n\t\t\t\t\t\t\t\t<div class=\"elementor-field-type-email elementor-field-group elementor-column elementor-field-group-field_e0d2814 elementor-col-100 elementor-field-required\">\n\t\t\t\t\t\t\t\t\t\t\t\t<label for=\"form-field-field_e0d2814\" class=\"elementor-field-label\">\n\t\t\t\t\t\t\t\tE-Mail <span style=\"color: red;font-weight: bold\">*<\/span>\t\t\t\t\t\t\t<\/label>\n\t\t\t\t\t\t\t\t\t\t\t\t\t\t<input size=\"1\" type=\"email\" name=\"form_fields[field_e0d2814]\" id=\"form-field-field_e0d2814\" class=\"elementor-field elementor-size-sm  elementor-field-textual\" placeholder=\"E-Mail\" required=\"required\" aria-required=\"true\">\n\t\t\t\t\t\t\t\t\t\t\t<\/div>\n\t\t\t\t\t\t\t\t<div class=\"elementor-field-type-acceptance elementor-field-group elementor-column elementor-field-group-field_4a4cf69 elementor-col-100 elementor-field-required\">\n\t\t\t\t\t\t\t\t\t\t\t\t<label for=\"form-field-field_4a4cf69\" class=\"elementor-field-label\">\n\t\t\t\t\t\t\t\tDatenschutz <span style=\"color: red;font-weight: bold\">*<\/span>\t\t\t\t\t\t\t<\/label>\n\t\t\t\t\t\t\t\t<div class=\"elementor-field-subgroup\">\n\t\t\t<span class=\"elementor-field-option\">\n\t\t\t\t<input type=\"checkbox\" name=\"form_fields[field_4a4cf69]\" id=\"form-field-field_4a4cf69\" class=\"elementor-field elementor-size-sm  elementor-acceptance-field\" required=\"required\" aria-required=\"true\">\n\t\t\t\t<label for=\"form-field-field_4a4cf69\">Ich stimme der Datenschutzerkl\u00e4rung zu.<\/label>\t\t\t<\/span>\n\t\t<\/div>\n\t\t\t\t\t\t<\/div>\n\t\t\t\t\t\t\t\t<div class=\"elementor-field-group elementor-column elementor-field-type-submit elementor-col-100 e-form__buttons\">\n\t\t\t\t\t<button type=\"submit\" class=\"elementor-button elementor-size-sm elementor-animation-shrink\">\n\t\t\t\t\t\t<span >\n\t\t\t\t\t\t\t\t\t\t\t\t\t\t\t<span class=\"elementor-align-icon-left elementor-button-icon\">\n\t\t\t\t\t\t\t\t\t<svg aria-hidden=\"true\" class=\"e-font-icon-svg e-fas-download\" viewBox=\"0 0 512 512\" xmlns=\"http:\/\/www.w3.org\/2000\/svg\"><path d=\"M216 0h80c13.3 0 24 10.7 24 24v168h87.7c17.8 0 26.7 21.5 14.1 34.1L269.7 378.3c-7.5 7.5-19.8 7.5-27.3 0L90.1 226.1c-12.6-12.6-3.7-34.1 14.1-34.1H192V24c0-13.3 10.7-24 24-24zm296 376v112c0 13.3-10.7 24-24 24H24c-13.3 0-24-10.7-24-24V376c0-13.3 10.7-24 24-24h146.7l49 49c20.1 20.1 52.5 20.1 72.6 0l49-49H488c13.3 0 24 10.7 24 24zm-124 88c0-11-9-20-20-20s-20 9-20 20 9 20 20 20 20-9 20-20zm64 0c0-11-9-20-20-20s-20 9-20 20 9 20 20 20 20-9 20-20z\"><\/path><\/svg>\t\t\t\t\t\t\t\t\t\t\t\t\t\t\t\t\t<\/span>\n\t\t\t\t\t\t\t\t\t\t\t\t\t\t\t\t\t\t\t\t\t\t<span class=\"elementor-button-text\">Kostenlos anfordern<\/span>\n\t\t\t\t\t\t\t\t\t\t\t\t\t<\/span>\n\t\t\t\t\t<\/button>\n\t\t\t\t<\/div>\n\t\t\t<\/div>\n\t\t<\/form>\n\t\t\t\t\t\t<\/div>\n\t\t\t\t<\/div>\n\t\t\t\t<div class=\"elementor-element elementor-element-dd51500 elementor-widget elementor-widget-text-editor\" data-id=\"dd51500\" data-element_type=\"widget\" data-e-type=\"widget\" data-widget_type=\"text-editor.default\">\n\t\t\t\t<div class=\"elementor-widget-container\">\n\t\t\t\t\t\t\t\t\t<p><span style=\"color: #ffffff;\">Weitere Informationen findest du in unserer<\/span> <span style=\"color: #ffffff;\"><a style=\"color: #ffffff;\" href=\"https:\/\/brandification.com\/de\/datenschutz\/\" target=\"_blank\" rel=\"noopener\"><span style=\"text-decoration: underline;\">Datenschutzerkl\u00e4rung<\/span><\/a><\/span>.<\/p>\t\t\t\t\t\t\t\t<\/div>\n\t\t\t\t<\/div>\n\t\t\t\t\t<\/div>\n\t\t<\/div>\n\t\t\t\t\t<\/div>\n\t\t<\/section>\n\t\t\t\t\t<\/div>\n\t\t<\/div>\n\t\t\t\t\t<\/div>\n\t\t<\/section>\n\t\t\t\t<\/div>\n\t\t","protected":false},"excerpt":{"rendered":"<p>Wie k\u00f6nnen KI-L\u00f6sungen das Brand Touchpoint Management revolutionieren? Mit dieser Frage setzt sich Brandification seit langem auseinander und hat innovative Ans\u00e4tze f\u00fcr KI-gest\u00fctztes Brand Touchpoint Management entwickelt und u.a. gemeinsam mit EVO Fitness umgesetzt. Die Erkenntnisse wurden in einem praxisnahen Whitepaper zusammengefasst. Whitepaper zum kostenlosen Download \ud83d\udcd4 Bitte f\u00fclle das folgende Formular aus. Danach erh\u00e4ltst [&hellip;]<\/p>\n","protected":false},"author":1,"featured_media":23557,"parent":0,"menu_order":0,"comment_status":"closed","ping_status":"closed","template":"","meta":{"footnotes":""},"class_list":["post-23511","page","type-page","status-publish","has-post-thumbnail","hentry"],"yoast_head":"<!-- This site is optimized with the Yoast SEO plugin v27.3 - https:\/\/yoast.com\/product\/yoast-seo-wordpress\/ -->\n<title>EVO Fitness Case - Brandification - Brand Implementation Reinvented<\/title>\n<meta name=\"description\" content=\"Erfahre, wie KI dein Brand Touchpoint Management mit praxisnahen Ans\u00e4tzen von Brandification revolutioniert.\" \/>\n<meta name=\"robots\" content=\"index, follow, max-snippet:-1, max-image-preview:large, max-video-preview:-1\" \/>\n<link rel=\"canonical\" href=\"https:\/\/brandification.com\/de\/evo-fitness-case\/\" \/>\n<meta property=\"og:locale\" content=\"de_DE\" \/>\n<meta property=\"og:type\" content=\"article\" \/>\n<meta property=\"og:title\" content=\"EVO Fitness Case - Brandification - Brand Implementation Reinvented\" \/>\n<meta property=\"og:description\" content=\"Erfahre, wie KI dein Brand Touchpoint Management mit praxisnahen Ans\u00e4tzen von Brandification revolutioniert.\" \/>\n<meta property=\"og:url\" content=\"https:\/\/brandification.com\/de\/evo-fitness-case\/\" \/>\n<meta property=\"og:site_name\" content=\"Brandification\" \/>\n<meta property=\"article:publisher\" content=\"https:\/\/www.facebook.com\/brandification.io\/\" \/>\n<meta property=\"article:modified_time\" content=\"2025-01-29T11:13:29+00:00\" \/>\n<meta property=\"og:image\" content=\"https:\/\/brandification.com\/de\/wp-content\/uploads\/sites\/4\/2024\/12\/EVO-Case-Whitepaper-Mockup.png\" \/>\n\t<meta property=\"og:image:width\" content=\"1515\" \/>\n\t<meta property=\"og:image:height\" content=\"2000\" \/>\n\t<meta property=\"og:image:type\" content=\"image\/png\" \/>\n<meta name=\"twitter:card\" content=\"summary_large_image\" \/>\n<meta name=\"twitter:label1\" content=\"Gesch\u00e4tzte Lesezeit\" \/>\n\t<meta name=\"twitter:data1\" content=\"1\u00a0Minute\" \/>\n<script type=\"application\/ld+json\" class=\"yoast-schema-graph\">{\"@context\":\"https:\\\/\\\/schema.org\",\"@graph\":[{\"@type\":\"WebPage\",\"@id\":\"https:\\\/\\\/brandification.com\\\/de\\\/evo-fitness-case\\\/\",\"url\":\"https:\\\/\\\/brandification.com\\\/de\\\/evo-fitness-case\\\/\",\"name\":\"EVO Fitness Case - Brandification - Brand Implementation Reinvented\",\"isPartOf\":{\"@id\":\"https:\\\/\\\/brandification.com\\\/de\\\/#website\"},\"primaryImageOfPage\":{\"@id\":\"https:\\\/\\\/brandification.com\\\/de\\\/evo-fitness-case\\\/#primaryimage\"},\"image\":{\"@id\":\"https:\\\/\\\/brandification.com\\\/de\\\/evo-fitness-case\\\/#primaryimage\"},\"thumbnailUrl\":\"https:\\\/\\\/brandification.com\\\/de\\\/wp-content\\\/uploads\\\/sites\\\/4\\\/2024\\\/12\\\/EVO-Case-Whitepaper-Mockup.png\",\"datePublished\":\"2024-11-29T13:51:01+00:00\",\"dateModified\":\"2025-01-29T11:13:29+00:00\",\"description\":\"Erfahre, wie KI dein Brand Touchpoint Management mit praxisnahen Ans\u00e4tzen von Brandification revolutioniert.\",\"breadcrumb\":{\"@id\":\"https:\\\/\\\/brandification.com\\\/de\\\/evo-fitness-case\\\/#breadcrumb\"},\"inLanguage\":\"de\",\"potentialAction\":[{\"@type\":\"ReadAction\",\"target\":[\"https:\\\/\\\/brandification.com\\\/de\\\/evo-fitness-case\\\/\"]}]},{\"@type\":\"ImageObject\",\"inLanguage\":\"de\",\"@id\":\"https:\\\/\\\/brandification.com\\\/de\\\/evo-fitness-case\\\/#primaryimage\",\"url\":\"https:\\\/\\\/brandification.com\\\/de\\\/wp-content\\\/uploads\\\/sites\\\/4\\\/2024\\\/12\\\/EVO-Case-Whitepaper-Mockup.png\",\"contentUrl\":\"https:\\\/\\\/brandification.com\\\/de\\\/wp-content\\\/uploads\\\/sites\\\/4\\\/2024\\\/12\\\/EVO-Case-Whitepaper-Mockup.png\",\"width\":1515,\"height\":2000,\"caption\":\"Whitepaper-Cover: EVO Fitness x Brandification \u2013 Use Case zur Skalierung der Brand Experience\"},{\"@type\":\"BreadcrumbList\",\"@id\":\"https:\\\/\\\/brandification.com\\\/de\\\/evo-fitness-case\\\/#breadcrumb\",\"itemListElement\":[{\"@type\":\"ListItem\",\"position\":1,\"name\":\"Startseite\",\"item\":\"https:\\\/\\\/brandification.com\\\/de\\\/\"},{\"@type\":\"ListItem\",\"position\":2,\"name\":\"EVO Fitness Case\"}]},{\"@type\":\"WebSite\",\"@id\":\"https:\\\/\\\/brandification.com\\\/de\\\/#website\",\"url\":\"https:\\\/\\\/brandification.com\\\/de\\\/\",\"name\":\"Brandification\",\"description\":\"Turn people into brand ambassadors\",\"publisher\":{\"@id\":\"https:\\\/\\\/brandification.com\\\/de\\\/#organization\"},\"potentialAction\":[{\"@type\":\"SearchAction\",\"target\":{\"@type\":\"EntryPoint\",\"urlTemplate\":\"https:\\\/\\\/brandification.com\\\/de\\\/?s={search_term_string}\"},\"query-input\":{\"@type\":\"PropertyValueSpecification\",\"valueRequired\":true,\"valueName\":\"search_term_string\"}}],\"inLanguage\":\"de\"},{\"@type\":\"Organization\",\"@id\":\"https:\\\/\\\/brandification.com\\\/de\\\/#organization\",\"name\":\"Brandification GmbH\",\"url\":\"https:\\\/\\\/brandification.com\\\/de\\\/\",\"logo\":{\"@type\":\"ImageObject\",\"inLanguage\":\"de\",\"@id\":\"https:\\\/\\\/brandification.com\\\/de\\\/#\\\/schema\\\/logo\\\/image\\\/\",\"url\":\"https:\\\/\\\/brandification.com\\\/de\\\/wp-content\\\/uploads\\\/sites\\\/4\\\/2022\\\/05\\\/cropped-App-Favicon.png\",\"contentUrl\":\"https:\\\/\\\/brandification.com\\\/de\\\/wp-content\\\/uploads\\\/sites\\\/4\\\/2022\\\/05\\\/cropped-App-Favicon.png\",\"width\":512,\"height\":512,\"caption\":\"Brandification GmbH\"},\"image\":{\"@id\":\"https:\\\/\\\/brandification.com\\\/de\\\/#\\\/schema\\\/logo\\\/image\\\/\"},\"sameAs\":[\"https:\\\/\\\/www.facebook.com\\\/brandification.io\\\/\",\"https:\\\/\\\/www.linkedin.com\\\/company\\\/brandification\\\/\",\"https:\\\/\\\/www.youtube.com\\\/channel\\\/UCLJbDMmDWtPuOZmkK-Ath3Q\",\"https:\\\/\\\/www.instagram.com\\\/brandification.io\\\/?hl=de\"]}]}<\/script>\n<!-- \/ Yoast SEO plugin. -->","yoast_head_json":{"title":"EVO Fitness Case - Brandification - Brand Implementation Reinvented","description":"Erfahre, wie KI dein Brand Touchpoint Management mit praxisnahen Ans\u00e4tzen von Brandification revolutioniert.","robots":{"index":"index","follow":"follow","max-snippet":"max-snippet:-1","max-image-preview":"max-image-preview:large","max-video-preview":"max-video-preview:-1"},"canonical":"https:\/\/brandification.com\/de\/evo-fitness-case\/","og_locale":"de_DE","og_type":"article","og_title":"EVO Fitness Case - Brandification - Brand Implementation Reinvented","og_description":"Erfahre, wie KI dein Brand Touchpoint Management mit praxisnahen Ans\u00e4tzen von Brandification revolutioniert.","og_url":"https:\/\/brandification.com\/de\/evo-fitness-case\/","og_site_name":"Brandification","article_publisher":"https:\/\/www.facebook.com\/brandification.io\/","article_modified_time":"2025-01-29T11:13:29+00:00","og_image":[{"width":1515,"height":2000,"url":"https:\/\/brandification.com\/de\/wp-content\/uploads\/sites\/4\/2024\/12\/EVO-Case-Whitepaper-Mockup.png","type":"image\/png"}],"twitter_card":"summary_large_image","twitter_misc":{"Gesch\u00e4tzte Lesezeit":"1\u00a0Minute"},"schema":{"@context":"https:\/\/schema.org","@graph":[{"@type":"WebPage","@id":"https:\/\/brandification.com\/de\/evo-fitness-case\/","url":"https:\/\/brandification.com\/de\/evo-fitness-case\/","name":"EVO Fitness Case - Brandification - Brand Implementation Reinvented","isPartOf":{"@id":"https:\/\/brandification.com\/de\/#website"},"primaryImageOfPage":{"@id":"https:\/\/brandification.com\/de\/evo-fitness-case\/#primaryimage"},"image":{"@id":"https:\/\/brandification.com\/de\/evo-fitness-case\/#primaryimage"},"thumbnailUrl":"https:\/\/brandification.com\/de\/wp-content\/uploads\/sites\/4\/2024\/12\/EVO-Case-Whitepaper-Mockup.png","datePublished":"2024-11-29T13:51:01+00:00","dateModified":"2025-01-29T11:13:29+00:00","description":"Erfahre, wie KI dein Brand Touchpoint Management mit praxisnahen Ans\u00e4tzen von Brandification revolutioniert.","breadcrumb":{"@id":"https:\/\/brandification.com\/de\/evo-fitness-case\/#breadcrumb"},"inLanguage":"de","potentialAction":[{"@type":"ReadAction","target":["https:\/\/brandification.com\/de\/evo-fitness-case\/"]}]},{"@type":"ImageObject","inLanguage":"de","@id":"https:\/\/brandification.com\/de\/evo-fitness-case\/#primaryimage","url":"https:\/\/brandification.com\/de\/wp-content\/uploads\/sites\/4\/2024\/12\/EVO-Case-Whitepaper-Mockup.png","contentUrl":"https:\/\/brandification.com\/de\/wp-content\/uploads\/sites\/4\/2024\/12\/EVO-Case-Whitepaper-Mockup.png","width":1515,"height":2000,"caption":"Whitepaper-Cover: EVO Fitness x Brandification \u2013 Use Case zur Skalierung der Brand Experience"},{"@type":"BreadcrumbList","@id":"https:\/\/brandification.com\/de\/evo-fitness-case\/#breadcrumb","itemListElement":[{"@type":"ListItem","position":1,"name":"Startseite","item":"https:\/\/brandification.com\/de\/"},{"@type":"ListItem","position":2,"name":"EVO Fitness Case"}]},{"@type":"WebSite","@id":"https:\/\/brandification.com\/de\/#website","url":"https:\/\/brandification.com\/de\/","name":"Brandification","description":"Turn people into brand ambassadors","publisher":{"@id":"https:\/\/brandification.com\/de\/#organization"},"potentialAction":[{"@type":"SearchAction","target":{"@type":"EntryPoint","urlTemplate":"https:\/\/brandification.com\/de\/?s={search_term_string}"},"query-input":{"@type":"PropertyValueSpecification","valueRequired":true,"valueName":"search_term_string"}}],"inLanguage":"de"},{"@type":"Organization","@id":"https:\/\/brandification.com\/de\/#organization","name":"Brandification GmbH","url":"https:\/\/brandification.com\/de\/","logo":{"@type":"ImageObject","inLanguage":"de","@id":"https:\/\/brandification.com\/de\/#\/schema\/logo\/image\/","url":"https:\/\/brandification.com\/de\/wp-content\/uploads\/sites\/4\/2022\/05\/cropped-App-Favicon.png","contentUrl":"https:\/\/brandification.com\/de\/wp-content\/uploads\/sites\/4\/2022\/05\/cropped-App-Favicon.png","width":512,"height":512,"caption":"Brandification GmbH"},"image":{"@id":"https:\/\/brandification.com\/de\/#\/schema\/logo\/image\/"},"sameAs":["https:\/\/www.facebook.com\/brandification.io\/","https:\/\/www.linkedin.com\/company\/brandification\/","https:\/\/www.youtube.com\/channel\/UCLJbDMmDWtPuOZmkK-Ath3Q","https:\/\/www.instagram.com\/brandification.io\/?hl=de"]}]}},"_links":{"self":[{"href":"https:\/\/brandification.com\/de\/wp-json\/wp\/v2\/pages\/23511","targetHints":{"allow":["GET"]}}],"collection":[{"href":"https:\/\/brandification.com\/de\/wp-json\/wp\/v2\/pages"}],"about":[{"href":"https:\/\/brandification.com\/de\/wp-json\/wp\/v2\/types\/page"}],"author":[{"embeddable":true,"href":"https:\/\/brandification.com\/de\/wp-json\/wp\/v2\/users\/1"}],"replies":[{"embeddable":true,"href":"https:\/\/brandification.com\/de\/wp-json\/wp\/v2\/comments?post=23511"}],"version-history":[{"count":0,"href":"https:\/\/brandification.com\/de\/wp-json\/wp\/v2\/pages\/23511\/revisions"}],"wp:featuredmedia":[{"embeddable":true,"href":"https:\/\/brandification.com\/de\/wp-json\/wp\/v2\/media\/23557"}],"wp:attachment":[{"href":"https:\/\/brandification.com\/de\/wp-json\/wp\/v2\/media?parent=23511"}],"curies":[{"name":"wp","href":"https:\/\/api.w.org\/{rel}","templated":true}]}}