{"id":24857,"date":"2025-03-24T10:53:49","date_gmt":"2025-03-24T09:53:49","guid":{"rendered":"https:\/\/brandification.com\/de\/?page_id=24857"},"modified":"2026-02-24T09:43:46","modified_gmt":"2026-02-24T08:43:46","slug":"brand-implementation-leadership-roadmap","status":"publish","type":"page","link":"https:\/\/brandification.com\/de\/brand-implementation-leadership-roadmap\/","title":{"rendered":"Brand Implementation Leadership Roadmap"},"content":{"rendered":"\t\t<div data-elementor-type=\"wp-page\" data-elementor-id=\"24857\" class=\"elementor elementor-24857\" data-elementor-settings=\"{&quot;ha_cmc_init_switcher&quot;:&quot;no&quot;}\">\n\t\t\t\t<div class=\"elementor-element elementor-element-9746a7c pad-l e-flex e-con-boxed e-con e-parent\" data-id=\"9746a7c\" data-element_type=\"container\" data-e-type=\"container\" data-settings=\"{&quot;_ha_eqh_enable&quot;:false}\">\n\t\t\t\t\t<div class=\"e-con-inner\">\n\t\t\t\t<div class=\"elementor-element elementor-element-a91c1d6 elementor-widget__width-inherit elementor-widget elementor-widget-heading\" data-id=\"a91c1d6\" data-element_type=\"widget\" data-e-type=\"widget\" data-widget_type=\"heading.default\">\n\t\t\t\t<div class=\"elementor-widget-container\">\n\t\t\t\t\t<h1 class=\"elementor-heading-title elementor-size-default\"><span data-w-id=\"5141a1ad-7492-8cd4-395a-3b39a8dd94ae\" class=\"headline-schwarz-zentriert\" style=\"text-align: center;margin-bottom: 0px;margin-top: 0px;font-size: 30px;line-height: 40px;, sans-serif;opacity: 1\">Die 8 gr\u00f6\u00dften Irrt\u00fcmer in der Brand Implementation - <br>Wie viele machst du? \ud83e\udee3<\/span><\/h1>\t\t\t\t<\/div>\n\t\t\t\t<\/div>\n\t\t\t\t<div class=\"elementor-element elementor-element-06dff94 elementor-widget__width-inherit elementor-widget elementor-widget-text-editor\" data-id=\"06dff94\" data-element_type=\"widget\" data-e-type=\"widget\" data-widget_type=\"text-editor.default\">\n\t\t\t\t<div class=\"elementor-widget-container\">\n\t\t\t\t\t\t\t\t\t<p>Erkenne die blinden Flecken in deiner Markenimplementierung &#8211;<br \/>und starte <strong>mit Struktur &amp; Klarheit deine Markenumsetzung!<\/strong><\/p><p>Hole dir kostenfrei das <strong>&#8222;Brand Implementation Leadership Canvas&#8220;<\/strong> &#8211; <br \/>und finde heraus, welche der 8 Irrt\u00fcmer in der Markenumsetzung dich betreffen.<\/p>\t\t\t\t\t\t\t\t<\/div>\n\t\t\t\t<\/div>\n\t\t\t\t<div class=\"elementor-element elementor-element-bae67ce elementor-widget__width-initial elementor-button-align-stretch ha-has-bg-overlay elementor-widget elementor-widget-form\" data-id=\"bae67ce\" data-element_type=\"widget\" data-e-type=\"widget\" data-settings=\"{&quot;step_next_label&quot;:&quot;N\\u00e4chster&quot;,&quot;step_previous_label&quot;:&quot;Voriger&quot;,&quot;button_width&quot;:&quot;100&quot;,&quot;step_type&quot;:&quot;number_text&quot;,&quot;step_icon_shape&quot;:&quot;circle&quot;}\" data-widget_type=\"form.default\">\n\t\t\t\t<div class=\"elementor-widget-container\">\n\t\t\t\t\t\t\t<form class=\"elementor-form\" method=\"post\" name=\"Brand Implementation Leadership Roadmap Canvas\">\n\t\t\t<input type=\"hidden\" name=\"post_id\" value=\"24857\"\/>\n\t\t\t<input type=\"hidden\" name=\"form_id\" value=\"bae67ce\"\/>\n\t\t\t<input type=\"hidden\" name=\"referer_title\" value=\"Brandification\" \/>\n\n\t\t\t\n\t\t\t<div class=\"elementor-form-fields-wrapper elementor-labels-above\">\n\t\t\t\t\t\t\t\t<div class=\"elementor-field-type-text elementor-field-group elementor-column elementor-field-group-vorname elementor-col-50 elementor-field-required elementor-mark-required\">\n\t\t\t\t\t\t\t\t\t\t\t\t<label for=\"form-field-vorname\" class=\"elementor-field-label\">\n\t\t\t\t\t\t\t\tVorname\t\t\t\t\t\t\t<\/label>\n\t\t\t\t\t\t\t\t\t\t\t\t\t\t<input size=\"1\" type=\"text\" name=\"form_fields[vorname]\" id=\"form-field-vorname\" class=\"elementor-field elementor-size-sm  elementor-field-textual\" placeholder=\"Vorname\" required=\"required\" aria-required=\"true\">\n\t\t\t\t\t\t\t\t\t\t\t<\/div>\n\t\t\t\t\t\t\t\t<div class=\"elementor-field-type-text elementor-field-group elementor-column elementor-field-group-field_3c3d4f3 elementor-col-50\">\n\t\t\t\t\t\t\t\t\t\t\t\t<label for=\"form-field-field_3c3d4f3\" class=\"elementor-field-label\">\n\t\t\t\t\t\t\t\tNachname\t\t\t\t\t\t\t<\/label>\n\t\t\t\t\t\t\t\t\t\t\t\t\t\t<input size=\"1\" type=\"text\" name=\"form_fields[field_3c3d4f3]\" id=\"form-field-field_3c3d4f3\" class=\"elementor-field elementor-size-sm  elementor-field-textual\" placeholder=\"Nachname\">\n\t\t\t\t\t\t\t\t\t\t\t<\/div>\n\t\t\t\t\t\t\t\t<div class=\"elementor-field-type-email elementor-field-group elementor-column elementor-field-group-email elementor-col-50 elementor-field-required elementor-mark-required\">\n\t\t\t\t\t\t\t\t\t\t\t\t<label for=\"form-field-email\" class=\"elementor-field-label\">\n\t\t\t\t\t\t\t\tE-Mail\t\t\t\t\t\t\t<\/label>\n\t\t\t\t\t\t\t\t\t\t\t\t\t\t<input size=\"1\" type=\"email\" name=\"form_fields[email]\" id=\"form-field-email\" class=\"elementor-field elementor-size-sm  elementor-field-textual\" placeholder=\"E-Mail\" required=\"required\" aria-required=\"true\">\n\t\t\t\t\t\t\t\t\t\t\t<\/div>\n\t\t\t\t\t\t\t\t<div class=\"elementor-field-type-text elementor-field-group elementor-column elementor-field-group-field_ad97c19 elementor-col-50\">\n\t\t\t\t\t\t\t\t\t\t\t\t<label for=\"form-field-field_ad97c19\" class=\"elementor-field-label\">\n\t\t\t\t\t\t\t\tUnternehmen\t\t\t\t\t\t\t<\/label>\n\t\t\t\t\t\t\t\t\t\t\t\t\t\t<input size=\"1\" type=\"text\" name=\"form_fields[field_ad97c19]\" id=\"form-field-field_ad97c19\" class=\"elementor-field elementor-size-sm  elementor-field-textual\" placeholder=\"Unternehmen\">\n\t\t\t\t\t\t\t\t\t\t\t<\/div>\n\t\t\t\t\t\t\t\t<div class=\"elementor-field-group elementor-column elementor-field-type-submit elementor-col-100 e-form__buttons\">\n\t\t\t\t\t<button type=\"submit\" class=\"elementor-button elementor-size-sm\">\n\t\t\t\t\t\t<span >\n\t\t\t\t\t\t\t\t\t\t\t\t\t\t\t<span class=\" elementor-button-icon\">\n\t\t\t\t\t\t\t\t\t\t\t\t\t\t\t\t\t\t\t\t\t\t\t\t\t\t<\/span>\n\t\t\t\t\t\t\t\t\t\t\t\t\t\t\t\t\t\t\t\t\t\t<span class=\"elementor-button-text\">Canvas kostenfrei sichern!<\/span>\n\t\t\t\t\t\t\t\t\t\t\t\t\t<\/span>\n\t\t\t\t\t<\/button>\n\t\t\t\t<\/div>\n\t\t\t<\/div>\n\t\t<\/form>\n\t\t\t\t\t\t<\/div>\n\t\t\t\t<\/div>\n\t\t\t\t<div class=\"elementor-element elementor-element-9ee4ddc elementor-widget__width-initial elementor-widget-mobile__width-inherit elementor-widget elementor-widget-image\" data-id=\"9ee4ddc\" data-element_type=\"widget\" data-e-type=\"widget\" data-widget_type=\"image.default\">\n\t\t\t\t<div class=\"elementor-widget-container\">\n\t\t\t\t\t\t\t\t\t\t\t\t\t\t\t<img fetchpriority=\"high\" decoding=\"async\" width=\"800\" height=\"450\" src=\"https:\/\/brandification.com\/de\/wp-content\/uploads\/sites\/4\/2025\/03\/Brand-Implementation-Canvas-1024x576.png\" class=\"attachment-large size-large wp-image-24913\" alt=\"Brand Implementation Canvas Vorschau\" srcset=\"https:\/\/brandification.com\/de\/wp-content\/uploads\/sites\/4\/2025\/03\/Brand-Implementation-Canvas-1024x576.png 1024w, https:\/\/brandification.com\/de\/wp-content\/uploads\/sites\/4\/2025\/03\/Brand-Implementation-Canvas-300x169.png 300w, https:\/\/brandification.com\/de\/wp-content\/uploads\/sites\/4\/2025\/03\/Brand-Implementation-Canvas-768x432.png 768w, https:\/\/brandification.com\/de\/wp-content\/uploads\/sites\/4\/2025\/03\/Brand-Implementation-Canvas-1536x864.png 1536w, https:\/\/brandification.com\/de\/wp-content\/uploads\/sites\/4\/2025\/03\/Brand-Implementation-Canvas.png 1920w\" sizes=\"(max-width: 800px) 100vw, 800px\" \/>\t\t\t\t\t\t\t\t\t\t\t\t\t\t\t<\/div>\n\t\t\t\t<\/div>\n\t\t\t\t<div class=\"elementor-element elementor-element-36591e5 elementor-widget__width-inherit elementor-widget elementor-widget-text-editor\" data-id=\"36591e5\" data-element_type=\"widget\" data-e-type=\"widget\" data-widget_type=\"text-editor.default\">\n\t\t\t\t<div class=\"elementor-widget-container\">\n\t\t\t\t\t\t\t\t\t<p>Canvas ausgef\u00fcllt und gemerkt: Da geht noch mehr? \ud83e\udd14<br \/>Dann lass uns gemeinsam schauen, wie sich aus dieser Erkenntnis f\u00fcr dich <strong>konkrete Schritte zur Markenumsetzung ableiten lassen<\/strong>.<\/p><p>\ud83d\udc49\ud83c\udffc <strong><a href=\"https:\/\/calendly.com\/brandification\/brand-touchpoint-management-ai?month=2025-03\">Gespr\u00e4ch mit Christoph vereinbaren<\/a><\/strong><\/p>\t\t\t\t\t\t\t\t<\/div>\n\t\t\t\t<\/div>\n\t\t\t\t\t<\/div>\n\t\t\t\t<\/div>\n\t\t\t\t<\/div>\n\t\t","protected":false},"excerpt":{"rendered":"<p>Die 8 gr\u00f6\u00dften Irrt\u00fcmer in der Brand Implementation &#8211; Wie viele machst du? \ud83e\udee3 Erkenne die blinden Flecken in deiner Markenimplementierung &#8211;und starte mit Struktur &amp; Klarheit deine Markenumsetzung! Hole dir kostenfrei das &#8222;Brand Implementation Leadership Canvas&#8220; &#8211; und finde heraus, welche der 8 Irrt\u00fcmer in der Markenumsetzung dich betreffen. Canvas ausgef\u00fcllt und gemerkt: Da [&hellip;]<\/p>\n","protected":false},"author":1,"featured_media":24913,"parent":0,"menu_order":0,"comment_status":"closed","ping_status":"closed","template":"","meta":{"footnotes":""},"class_list":["post-24857","page","type-page","status-publish","has-post-thumbnail","hentry"],"yoast_head":"<!-- This site is optimized with the Yoast SEO plugin v27.3 - https:\/\/yoast.com\/product\/yoast-seo-wordpress\/ -->\n<title>Brand Implementation Leadership Roadmap | Brandification<\/title>\n<meta name=\"robots\" content=\"index, follow, max-snippet:-1, max-image-preview:large, max-video-preview:-1\" \/>\n<link rel=\"canonical\" href=\"https:\/\/brandification.com\/de\/brand-implementation-leadership-roadmap\/\" \/>\n<meta property=\"og:locale\" content=\"de_DE\" \/>\n<meta property=\"og:type\" content=\"article\" \/>\n<meta property=\"og:title\" content=\"Brand Implementation Leadership Roadmap | Brandification\" \/>\n<meta property=\"og:description\" content=\"Die 8 gr\u00f6\u00dften Irrt\u00fcmer in der Brand Implementation &#8211; Wie viele machst du? \ud83e\udee3 Erkenne die blinden Flecken in deiner Markenimplementierung &#8211;und starte mit Struktur &amp; Klarheit deine Markenumsetzung! Hole dir kostenfrei das &#8222;Brand Implementation Leadership Canvas&#8220; &#8211; und finde heraus, welche der 8 Irrt\u00fcmer in der Markenumsetzung dich betreffen. Canvas ausgef\u00fcllt und gemerkt: Da [&hellip;]\" \/>\n<meta property=\"og:url\" content=\"https:\/\/brandification.com\/de\/brand-implementation-leadership-roadmap\/\" \/>\n<meta property=\"og:site_name\" content=\"Brandification\" \/>\n<meta property=\"article:publisher\" content=\"https:\/\/www.facebook.com\/brandification.io\/\" \/>\n<meta property=\"article:modified_time\" content=\"2026-02-24T08:43:46+00:00\" \/>\n<meta property=\"og:image\" content=\"https:\/\/brandification.com\/de\/wp-content\/uploads\/sites\/4\/2025\/03\/Brand-Implementation-Canvas.png\" \/>\n\t<meta property=\"og:image:width\" content=\"1920\" \/>\n\t<meta property=\"og:image:height\" content=\"1080\" \/>\n\t<meta property=\"og:image:type\" content=\"image\/png\" \/>\n<meta name=\"twitter:card\" content=\"summary_large_image\" \/>\n<meta name=\"twitter:label1\" content=\"Gesch\u00e4tzte Lesezeit\" \/>\n\t<meta name=\"twitter:data1\" content=\"2\u00a0Minuten\" \/>\n<script type=\"application\/ld+json\" class=\"yoast-schema-graph\">{\"@context\":\"https:\\\/\\\/schema.org\",\"@graph\":[{\"@type\":\"WebPage\",\"@id\":\"https:\\\/\\\/brandification.com\\\/de\\\/brand-implementation-leadership-roadmap\\\/\",\"url\":\"https:\\\/\\\/brandification.com\\\/de\\\/brand-implementation-leadership-roadmap\\\/\",\"name\":\"Brand Implementation Leadership Roadmap | Brandification\",\"isPartOf\":{\"@id\":\"https:\\\/\\\/brandification.com\\\/de\\\/#website\"},\"primaryImageOfPage\":{\"@id\":\"https:\\\/\\\/brandification.com\\\/de\\\/brand-implementation-leadership-roadmap\\\/#primaryimage\"},\"image\":{\"@id\":\"https:\\\/\\\/brandification.com\\\/de\\\/brand-implementation-leadership-roadmap\\\/#primaryimage\"},\"thumbnailUrl\":\"https:\\\/\\\/brandification.com\\\/de\\\/wp-content\\\/uploads\\\/sites\\\/4\\\/2025\\\/03\\\/Brand-Implementation-Canvas.png\",\"datePublished\":\"2025-03-24T09:53:49+00:00\",\"dateModified\":\"2026-02-24T08:43:46+00:00\",\"breadcrumb\":{\"@id\":\"https:\\\/\\\/brandification.com\\\/de\\\/brand-implementation-leadership-roadmap\\\/#breadcrumb\"},\"inLanguage\":\"de\",\"potentialAction\":[{\"@type\":\"ReadAction\",\"target\":[\"https:\\\/\\\/brandification.com\\\/de\\\/brand-implementation-leadership-roadmap\\\/\"]}]},{\"@type\":\"ImageObject\",\"inLanguage\":\"de\",\"@id\":\"https:\\\/\\\/brandification.com\\\/de\\\/brand-implementation-leadership-roadmap\\\/#primaryimage\",\"url\":\"https:\\\/\\\/brandification.com\\\/de\\\/wp-content\\\/uploads\\\/sites\\\/4\\\/2025\\\/03\\\/Brand-Implementation-Canvas.png\",\"contentUrl\":\"https:\\\/\\\/brandification.com\\\/de\\\/wp-content\\\/uploads\\\/sites\\\/4\\\/2025\\\/03\\\/Brand-Implementation-Canvas.png\",\"width\":1920,\"height\":1080,\"caption\":\"Brand Implementation Canvas Vorschau\"},{\"@type\":\"BreadcrumbList\",\"@id\":\"https:\\\/\\\/brandification.com\\\/de\\\/brand-implementation-leadership-roadmap\\\/#breadcrumb\",\"itemListElement\":[{\"@type\":\"ListItem\",\"position\":1,\"name\":\"Startseite\",\"item\":\"https:\\\/\\\/brandification.com\\\/de\\\/\"},{\"@type\":\"ListItem\",\"position\":2,\"name\":\"Brand Implementation Leadership Roadmap\"}]},{\"@type\":\"WebSite\",\"@id\":\"https:\\\/\\\/brandification.com\\\/de\\\/#website\",\"url\":\"https:\\\/\\\/brandification.com\\\/de\\\/\",\"name\":\"Brandification\",\"description\":\"Turn people into brand ambassadors\",\"publisher\":{\"@id\":\"https:\\\/\\\/brandification.com\\\/de\\\/#organization\"},\"potentialAction\":[{\"@type\":\"SearchAction\",\"target\":{\"@type\":\"EntryPoint\",\"urlTemplate\":\"https:\\\/\\\/brandification.com\\\/de\\\/?s={search_term_string}\"},\"query-input\":{\"@type\":\"PropertyValueSpecification\",\"valueRequired\":true,\"valueName\":\"search_term_string\"}}],\"inLanguage\":\"de\"},{\"@type\":\"Organization\",\"@id\":\"https:\\\/\\\/brandification.com\\\/de\\\/#organization\",\"name\":\"Brandification GmbH\",\"url\":\"https:\\\/\\\/brandification.com\\\/de\\\/\",\"logo\":{\"@type\":\"ImageObject\",\"inLanguage\":\"de\",\"@id\":\"https:\\\/\\\/brandification.com\\\/de\\\/#\\\/schema\\\/logo\\\/image\\\/\",\"url\":\"https:\\\/\\\/brandification.com\\\/de\\\/wp-content\\\/uploads\\\/sites\\\/4\\\/2022\\\/05\\\/cropped-App-Favicon.png\",\"contentUrl\":\"https:\\\/\\\/brandification.com\\\/de\\\/wp-content\\\/uploads\\\/sites\\\/4\\\/2022\\\/05\\\/cropped-App-Favicon.png\",\"width\":512,\"height\":512,\"caption\":\"Brandification GmbH\"},\"image\":{\"@id\":\"https:\\\/\\\/brandification.com\\\/de\\\/#\\\/schema\\\/logo\\\/image\\\/\"},\"sameAs\":[\"https:\\\/\\\/www.facebook.com\\\/brandification.io\\\/\",\"https:\\\/\\\/www.linkedin.com\\\/company\\\/brandification\\\/\",\"https:\\\/\\\/www.youtube.com\\\/channel\\\/UCLJbDMmDWtPuOZmkK-Ath3Q\",\"https:\\\/\\\/www.instagram.com\\\/brandification.io\\\/?hl=de\"]}]}<\/script>\n<!-- \/ Yoast SEO plugin. -->","yoast_head_json":{"title":"Brand Implementation Leadership Roadmap | Brandification","robots":{"index":"index","follow":"follow","max-snippet":"max-snippet:-1","max-image-preview":"max-image-preview:large","max-video-preview":"max-video-preview:-1"},"canonical":"https:\/\/brandification.com\/de\/brand-implementation-leadership-roadmap\/","og_locale":"de_DE","og_type":"article","og_title":"Brand Implementation Leadership Roadmap | Brandification","og_description":"Die 8 gr\u00f6\u00dften Irrt\u00fcmer in der Brand Implementation &#8211; Wie viele machst du? \ud83e\udee3 Erkenne die blinden Flecken in deiner Markenimplementierung &#8211;und starte mit Struktur &amp; Klarheit deine Markenumsetzung! Hole dir kostenfrei das &#8222;Brand Implementation Leadership Canvas&#8220; &#8211; und finde heraus, welche der 8 Irrt\u00fcmer in der Markenumsetzung dich betreffen. Canvas ausgef\u00fcllt und gemerkt: Da [&hellip;]","og_url":"https:\/\/brandification.com\/de\/brand-implementation-leadership-roadmap\/","og_site_name":"Brandification","article_publisher":"https:\/\/www.facebook.com\/brandification.io\/","article_modified_time":"2026-02-24T08:43:46+00:00","og_image":[{"width":1920,"height":1080,"url":"https:\/\/brandification.com\/de\/wp-content\/uploads\/sites\/4\/2025\/03\/Brand-Implementation-Canvas.png","type":"image\/png"}],"twitter_card":"summary_large_image","twitter_misc":{"Gesch\u00e4tzte Lesezeit":"2\u00a0Minuten"},"schema":{"@context":"https:\/\/schema.org","@graph":[{"@type":"WebPage","@id":"https:\/\/brandification.com\/de\/brand-implementation-leadership-roadmap\/","url":"https:\/\/brandification.com\/de\/brand-implementation-leadership-roadmap\/","name":"Brand Implementation Leadership Roadmap | Brandification","isPartOf":{"@id":"https:\/\/brandification.com\/de\/#website"},"primaryImageOfPage":{"@id":"https:\/\/brandification.com\/de\/brand-implementation-leadership-roadmap\/#primaryimage"},"image":{"@id":"https:\/\/brandification.com\/de\/brand-implementation-leadership-roadmap\/#primaryimage"},"thumbnailUrl":"https:\/\/brandification.com\/de\/wp-content\/uploads\/sites\/4\/2025\/03\/Brand-Implementation-Canvas.png","datePublished":"2025-03-24T09:53:49+00:00","dateModified":"2026-02-24T08:43:46+00:00","breadcrumb":{"@id":"https:\/\/brandification.com\/de\/brand-implementation-leadership-roadmap\/#breadcrumb"},"inLanguage":"de","potentialAction":[{"@type":"ReadAction","target":["https:\/\/brandification.com\/de\/brand-implementation-leadership-roadmap\/"]}]},{"@type":"ImageObject","inLanguage":"de","@id":"https:\/\/brandification.com\/de\/brand-implementation-leadership-roadmap\/#primaryimage","url":"https:\/\/brandification.com\/de\/wp-content\/uploads\/sites\/4\/2025\/03\/Brand-Implementation-Canvas.png","contentUrl":"https:\/\/brandification.com\/de\/wp-content\/uploads\/sites\/4\/2025\/03\/Brand-Implementation-Canvas.png","width":1920,"height":1080,"caption":"Brand Implementation Canvas Vorschau"},{"@type":"BreadcrumbList","@id":"https:\/\/brandification.com\/de\/brand-implementation-leadership-roadmap\/#breadcrumb","itemListElement":[{"@type":"ListItem","position":1,"name":"Startseite","item":"https:\/\/brandification.com\/de\/"},{"@type":"ListItem","position":2,"name":"Brand Implementation Leadership Roadmap"}]},{"@type":"WebSite","@id":"https:\/\/brandification.com\/de\/#website","url":"https:\/\/brandification.com\/de\/","name":"Brandification","description":"Turn people into brand ambassadors","publisher":{"@id":"https:\/\/brandification.com\/de\/#organization"},"potentialAction":[{"@type":"SearchAction","target":{"@type":"EntryPoint","urlTemplate":"https:\/\/brandification.com\/de\/?s={search_term_string}"},"query-input":{"@type":"PropertyValueSpecification","valueRequired":true,"valueName":"search_term_string"}}],"inLanguage":"de"},{"@type":"Organization","@id":"https:\/\/brandification.com\/de\/#organization","name":"Brandification GmbH","url":"https:\/\/brandification.com\/de\/","logo":{"@type":"ImageObject","inLanguage":"de","@id":"https:\/\/brandification.com\/de\/#\/schema\/logo\/image\/","url":"https:\/\/brandification.com\/de\/wp-content\/uploads\/sites\/4\/2022\/05\/cropped-App-Favicon.png","contentUrl":"https:\/\/brandification.com\/de\/wp-content\/uploads\/sites\/4\/2022\/05\/cropped-App-Favicon.png","width":512,"height":512,"caption":"Brandification GmbH"},"image":{"@id":"https:\/\/brandification.com\/de\/#\/schema\/logo\/image\/"},"sameAs":["https:\/\/www.facebook.com\/brandification.io\/","https:\/\/www.linkedin.com\/company\/brandification\/","https:\/\/www.youtube.com\/channel\/UCLJbDMmDWtPuOZmkK-Ath3Q","https:\/\/www.instagram.com\/brandification.io\/?hl=de"]}]}},"_links":{"self":[{"href":"https:\/\/brandification.com\/de\/wp-json\/wp\/v2\/pages\/24857","targetHints":{"allow":["GET"]}}],"collection":[{"href":"https:\/\/brandification.com\/de\/wp-json\/wp\/v2\/pages"}],"about":[{"href":"https:\/\/brandification.com\/de\/wp-json\/wp\/v2\/types\/page"}],"author":[{"embeddable":true,"href":"https:\/\/brandification.com\/de\/wp-json\/wp\/v2\/users\/1"}],"replies":[{"embeddable":true,"href":"https:\/\/brandification.com\/de\/wp-json\/wp\/v2\/comments?post=24857"}],"version-history":[{"count":3,"href":"https:\/\/brandification.com\/de\/wp-json\/wp\/v2\/pages\/24857\/revisions"}],"predecessor-version":[{"id":26549,"href":"https:\/\/brandification.com\/de\/wp-json\/wp\/v2\/pages\/24857\/revisions\/26549"}],"wp:featuredmedia":[{"embeddable":true,"href":"https:\/\/brandification.com\/de\/wp-json\/wp\/v2\/media\/24913"}],"wp:attachment":[{"href":"https:\/\/brandification.com\/de\/wp-json\/wp\/v2\/media?parent=24857"}],"curies":[{"name":"wp","href":"https:\/\/api.w.org\/{rel}","templated":true}]}}