{"id":25175,"date":"2025-05-22T10:33:34","date_gmt":"2025-05-22T08:33:34","guid":{"rendered":"https:\/\/brandification.com\/de\/?page_id=25175"},"modified":"2025-10-16T13:02:53","modified_gmt":"2025-10-16T11:02:53","slug":"bootcamp-interesse","status":"publish","type":"page","link":"https:\/\/brandification.com\/de\/bootcamp-interesse\/","title":{"rendered":"Bootcamp Interesse"},"content":{"rendered":"\t\t<div data-elementor-type=\"wp-page\" data-elementor-id=\"25175\" class=\"elementor elementor-25175\" data-elementor-settings=\"{&quot;ha_cmc_init_switcher&quot;:&quot;no&quot;}\">\n\t\t\t\t<div class=\"elementor-element elementor-element-9746a7c pad-l e-flex e-con-boxed e-con e-parent\" data-id=\"9746a7c\" data-element_type=\"container\" data-e-type=\"container\" data-settings=\"{&quot;_ha_eqh_enable&quot;:false}\">\n\t\t\t\t\t<div class=\"e-con-inner\">\n\t\t\t\t<div class=\"elementor-element elementor-element-a91c1d6 elementor-widget__width-inherit elementor-widget elementor-widget-heading\" data-id=\"a91c1d6\" data-element_type=\"widget\" data-e-type=\"widget\" data-widget_type=\"heading.default\">\n\t\t\t\t<div class=\"elementor-widget-container\">\n\t\t\t\t\t<h3 class=\"elementor-heading-title elementor-size-default\">Interessiert? Lass dich unverbindlich vormerken. <br> Die Bootcamp-Teilnehmerzahl ist auf jeweils 15 Pl\u00e4tze limitiert.<\/h3>\t\t\t\t<\/div>\n\t\t\t\t<\/div>\n\t\t\t\t<div class=\"elementor-element elementor-element-bae67ce elementor-widget__width-initial elementor-button-align-stretch ha-has-bg-overlay elementor-widget elementor-widget-form\" data-id=\"bae67ce\" data-element_type=\"widget\" data-e-type=\"widget\" data-settings=\"{&quot;step_next_label&quot;:&quot;N\\u00e4chster&quot;,&quot;step_previous_label&quot;:&quot;Voriger&quot;,&quot;button_width&quot;:&quot;100&quot;,&quot;step_type&quot;:&quot;number_text&quot;,&quot;step_icon_shape&quot;:&quot;circle&quot;}\" data-widget_type=\"form.default\">\n\t\t\t\t<div class=\"elementor-widget-container\">\n\t\t\t\t\t\t\t<form class=\"elementor-form\" method=\"post\" name=\"Interesse Bootcamp\">\n\t\t\t<input type=\"hidden\" name=\"post_id\" value=\"25175\"\/>\n\t\t\t<input type=\"hidden\" name=\"form_id\" value=\"bae67ce\"\/>\n\t\t\t<input type=\"hidden\" name=\"referer_title\" value=\"Brandification\" \/>\n\n\t\t\t\n\t\t\t<div class=\"elementor-form-fields-wrapper elementor-labels-above\">\n\t\t\t\t\t\t\t\t<div class=\"elementor-field-type-text elementor-field-group elementor-column elementor-field-group-name elementor-col-50 elementor-field-required elementor-mark-required\">\n\t\t\t\t\t\t\t\t\t\t\t\t<label for=\"form-field-name\" class=\"elementor-field-label\">\n\t\t\t\t\t\t\t\tVorname\t\t\t\t\t\t\t<\/label>\n\t\t\t\t\t\t\t\t\t\t\t\t\t\t<input size=\"1\" type=\"text\" name=\"form_fields[name]\" id=\"form-field-name\" class=\"elementor-field elementor-size-sm  elementor-field-textual\" placeholder=\"Vorname\" required=\"required\" aria-required=\"true\">\n\t\t\t\t\t\t\t\t\t\t\t<\/div>\n\t\t\t\t\t\t\t\t<div class=\"elementor-field-type-text elementor-field-group elementor-column elementor-field-group-field_3c3d4f3 elementor-col-50 elementor-field-required elementor-mark-required\">\n\t\t\t\t\t\t\t\t\t\t\t\t<label for=\"form-field-field_3c3d4f3\" class=\"elementor-field-label\">\n\t\t\t\t\t\t\t\tNachname\t\t\t\t\t\t\t<\/label>\n\t\t\t\t\t\t\t\t\t\t\t\t\t\t<input size=\"1\" type=\"text\" name=\"form_fields[field_3c3d4f3]\" id=\"form-field-field_3c3d4f3\" class=\"elementor-field elementor-size-sm  elementor-field-textual\" placeholder=\"Nachname\" required=\"required\" aria-required=\"true\">\n\t\t\t\t\t\t\t\t\t\t\t<\/div>\n\t\t\t\t\t\t\t\t<div class=\"elementor-field-type-email elementor-field-group elementor-column elementor-field-group-email elementor-col-50 elementor-field-required elementor-mark-required\">\n\t\t\t\t\t\t\t\t\t\t\t\t<label for=\"form-field-email\" class=\"elementor-field-label\">\n\t\t\t\t\t\t\t\tE-Mail\t\t\t\t\t\t\t<\/label>\n\t\t\t\t\t\t\t\t\t\t\t\t\t\t<input size=\"1\" type=\"email\" name=\"form_fields[email]\" id=\"form-field-email\" class=\"elementor-field elementor-size-sm  elementor-field-textual\" placeholder=\"E-Mail\" required=\"required\" aria-required=\"true\">\n\t\t\t\t\t\t\t\t\t\t\t<\/div>\n\t\t\t\t\t\t\t\t<div class=\"elementor-field-type-tel elementor-field-group elementor-column elementor-field-group-field_e2b5ec3 elementor-col-50 elementor-field-required elementor-mark-required\">\n\t\t\t\t\t\t\t\t\t\t\t\t<label for=\"form-field-field_e2b5ec3\" class=\"elementor-field-label\">\n\t\t\t\t\t\t\t\tTelefonnummer\t\t\t\t\t\t\t<\/label>\n\t\t\t\t\t\t\t\t<input size=\"1\" type=\"tel\" name=\"form_fields[field_e2b5ec3]\" id=\"form-field-field_e2b5ec3\" class=\"elementor-field elementor-size-sm  elementor-field-textual\" placeholder=\"Telefonnummer\" required=\"required\" aria-required=\"true\" pattern=\"[0-9()#&amp;+*-=.]+\" title=\"Nur Nummern oder Telefon-Zeichen (#, -, *, etc) werden akzeptiert.\">\n\n\t\t\t\t\t\t<\/div>\n\t\t\t\t\t\t\t\t<div class=\"elementor-field-type-text elementor-field-group elementor-column elementor-field-group-field_ad97c19 elementor-col-50 elementor-field-required elementor-mark-required\">\n\t\t\t\t\t\t\t\t\t\t\t\t<label for=\"form-field-field_ad97c19\" class=\"elementor-field-label\">\n\t\t\t\t\t\t\t\tUnternehmen\t\t\t\t\t\t\t<\/label>\n\t\t\t\t\t\t\t\t\t\t\t\t\t\t<input size=\"1\" type=\"text\" name=\"form_fields[field_ad97c19]\" id=\"form-field-field_ad97c19\" class=\"elementor-field elementor-size-sm  elementor-field-textual\" placeholder=\"Unternehmen\" required=\"required\" aria-required=\"true\">\n\t\t\t\t\t\t\t\t\t\t\t<\/div>\n\t\t\t\t\t\t\t\t<div class=\"elementor-field-type-html elementor-field-group elementor-column elementor-field-group-field_3c82fe4 elementor-col-100\">\n\t\t\t\t\tTermin<br>\n<div style=\"background-color: white;padding: 10px;border-radius: 10px\">\n<s>26. Februar 2025 - N\u00fcrnberg<\/s> (ausgebucht!)<br>\n<s>3. April 2025 - M\u00fcnchen<\/s> (ausgebucht!)<br>\n<s>15. Mai 2025 - Vorarlberg<\/s> (ausgebucht!)<br>\n<s>18. Juni 2025 - Frankfurt<\/s> (ausgebucht!)<br>\n<s>2. Juli 2025 - Stuttgart<\/s><br>\n<s>15. Juli 2025 - N\u00fcrnberg<\/s> (ausgebucht!)<br>\n<s>28. August 2025 - Z\u00fcrich<\/s> (ausgebucht!)<br>\n<s>3. September 2025 - D\u00fcsseldorf<\/s> (ausgebucht!)<br>\n<s>23. September 2025 - Berlin<\/s>\n<\/div>\t\t\t\t<\/div>\n\t\t\t\t\t\t\t\t<div class=\"elementor-field-type-radio elementor-field-group elementor-column elementor-field-group-field_4373278 elementor-col-100 elementor-field-required elementor-mark-required\">\n\t\t\t\t\t<div class=\"elementor-field-subgroup  \"><span class=\"elementor-field-option\"><input type=\"radio\" value=\"22. Oktober 2025 - Frastanz, Vorarlberg (9:00 - 17:00)\" id=\"form-field-field_4373278-0\" name=\"form_fields[field_4373278]\" required=\"required\" aria-required=\"true\"> <label for=\"form-field-field_4373278-0\">22. Oktober 2025 - Frastanz, Vorarlberg (9:00 - 17:00)<\/label><\/span><span class=\"elementor-field-option\"><input type=\"radio\" value=\"29. Oktober 2025 - Frankfurt (9:00 - 17:00 Uhr)\" id=\"form-field-field_4373278-1\" name=\"form_fields[field_4373278]\" required=\"required\" aria-required=\"true\"> <label for=\"form-field-field_4373278-1\">29. Oktober 2025 - Frankfurt (9:00 - 17:00 Uhr)<\/label><\/span><span class=\"elementor-field-option\"><input type=\"radio\" value=\"5. November 2025 - Wien (9:00 - 17:00 Uhr)\" id=\"form-field-field_4373278-2\" name=\"form_fields[field_4373278]\" required=\"required\" aria-required=\"true\"> <label for=\"form-field-field_4373278-2\">5. November 2025 - Wien (9:00 - 17:00 Uhr)<\/label><\/span><span class=\"elementor-field-option\"><input type=\"radio\" value=\"6. November 2025 - M\u00fcnchen (9:00 - 17:00 Uhr)\" id=\"form-field-field_4373278-3\" name=\"form_fields[field_4373278]\" required=\"required\" aria-required=\"true\"> <label for=\"form-field-field_4373278-3\">6. November 2025 - M\u00fcnchen (9:00 - 17:00 Uhr)<\/label><\/span><\/div>\t\t\t\t<\/div>\n\t\t\t\t\t\t\t\t<div class=\"elementor-field-type-select elementor-field-group elementor-column elementor-field-group-field_c2637c3 elementor-col-100\">\n\t\t\t\t\t\t\t\t\t\t\t\t<label for=\"form-field-field_c2637c3\" class=\"elementor-field-label\">\n\t\t\t\t\t\t\t\tPosition\t\t\t\t\t\t\t<\/label>\n\t\t\t\t\t\t\t\t<div class=\"elementor-field elementor-select-wrapper \">\n\t\t\t<select name=\"form_fields[field_c2637c3]\" id=\"form-field-field_c2637c3\" class=\"elementor-field-textual elementor-size-sm\">\n\t\t\t\t\t\t\t\t\t<option value=\"Gesch\u00e4ftsf\u00fchrer:in\">Gesch\u00e4ftsf\u00fchrer:in<\/option>\n\t\t\t\t\t\t\t\t\t<option value=\"Marketingleiter:in\/CMO\">Marketingleiter:in\/CMO<\/option>\n\t\t\t\t\t\t\t\t\t<option value=\"Brand Manager\">Brand Manager<\/option>\n\t\t\t\t\t\t\t<\/select>\n\t\t<\/div>\n\t\t\t\t\t\t<\/div>\n\t\t\t\t\t\t\t\t<div class=\"elementor-field-type-acceptance elementor-field-group elementor-column elementor-field-group-field_1888c75 elementor-col-100 elementor-field-required elementor-mark-required\">\n\t\t\t\t\t\t\t<div class=\"elementor-field-subgroup\">\n\t\t\t<span class=\"elementor-field-option\">\n\t\t\t\t<input type=\"checkbox\" name=\"form_fields[field_1888c75]\" id=\"form-field-field_1888c75\" class=\"elementor-field elementor-size-sm  elementor-acceptance-field\" required=\"required\" aria-required=\"true\">\n\t\t\t\t<label for=\"form-field-field_1888c75\"><div style=\"font-size: 10px\"><b>Hinweise zum Datenschutz sowie zu Film und Fotografie:<\/b><br>\nDie von dir im Rahmen der Anmeldung angegebenen Kontaktdaten werden von der Brandification GmbH gespeichert und verwendet, um dich per E-Mail mit Informationen und organisatorischen Hinweisen rund um das Brand Implementation Leadership Bootcamp zu kontaktieren. Deine Daten werden ausschlie\u00dflich im Zusammenhang mit der Veranstaltung genutzt und nicht an Dritte weitergegeben.<br>\nMit der Teilnahme an der Veranstaltung stimmst du au\u00dferdem der Fotografie, der Videoaufzeichnung, sowie Tonaufnahmen und der Ver\u00f6ffentlichung oder Vervielf\u00e4ltigung zu Werbezwecken, Werbung, Aufnahme in Websites, soziale Medien oder zu anderen Zwecken durch die Brandification GmbH zu.<br>\nAlle Informationen zum Datenschutz bei Brandification findest du unter folgendem Link: <a href=\"https:\/\/brandification.com\/de\/datenschutz\/\" target=\"_blank\">https:\/\/brandification.com\/de\/datenschutz\/<\/a><\/div><\/label>\t\t\t<\/span>\n\t\t<\/div>\n\t\t\t\t\t\t<\/div>\n\t\t\t\t\t\t\t\t<div class=\"elementor-field-group elementor-column elementor-field-type-submit elementor-col-100 e-form__buttons\">\n\t\t\t\t\t<button type=\"submit\" class=\"elementor-button elementor-size-sm\">\n\t\t\t\t\t\t<span >\n\t\t\t\t\t\t\t\t\t\t\t\t\t\t\t<span class=\" elementor-button-icon\">\n\t\t\t\t\t\t\t\t\t\t\t\t\t\t\t\t\t\t\t\t\t\t\t\t\t\t<\/span>\n\t\t\t\t\t\t\t\t\t\t\t\t\t\t\t\t\t\t\t\t\t\t<span class=\"elementor-button-text\">Vormerken lassen<\/span>\n\t\t\t\t\t\t\t\t\t\t\t\t\t<\/span>\n\t\t\t\t\t<\/button>\n\t\t\t\t<\/div>\n\t\t\t<\/div>\n\t\t<\/form>\n\t\t\t\t\t\t<\/div>\n\t\t\t\t<\/div>\n\t\t\t\t<div class=\"elementor-element elementor-element-9ee4ddc elementor-widget__width-initial elementor-widget elementor-widget-image\" data-id=\"9ee4ddc\" data-element_type=\"widget\" data-e-type=\"widget\" data-widget_type=\"image.default\">\n\t\t\t\t<div class=\"elementor-widget-container\">\n\t\t\t\t\t\t\t\t\t\t\t\t\t\t\t<img fetchpriority=\"high\" decoding=\"async\" width=\"800\" height=\"600\" src=\"https:\/\/brandification.com\/de\/wp-content\/uploads\/sites\/4\/2025\/01\/IMG_5017-1024x768.jpg\" class=\"attachment-large size-large wp-image-23832\" alt=\"Bootcamp 2025\" srcset=\"https:\/\/brandification.com\/de\/wp-content\/uploads\/sites\/4\/2025\/01\/IMG_5017-1024x768.jpg 1024w, https:\/\/brandification.com\/de\/wp-content\/uploads\/sites\/4\/2025\/01\/IMG_5017-300x225.jpg 300w, https:\/\/brandification.com\/de\/wp-content\/uploads\/sites\/4\/2025\/01\/IMG_5017-768x576.jpg 768w, https:\/\/brandification.com\/de\/wp-content\/uploads\/sites\/4\/2025\/01\/IMG_5017-1536x1152.jpg 1536w, https:\/\/brandification.com\/de\/wp-content\/uploads\/sites\/4\/2025\/01\/IMG_5017-2048x1536.jpg 2048w\" sizes=\"(max-width: 800px) 100vw, 800px\" \/>\t\t\t\t\t\t\t\t\t\t\t\t\t\t\t<\/div>\n\t\t\t\t<\/div>\n\t\t\t\t\t<\/div>\n\t\t\t\t<\/div>\n\t\t\t\t<\/div>\n\t\t","protected":false},"excerpt":{"rendered":"<p>Interessiert? Lass dich unverbindlich vormerken. Die Bootcamp-Teilnehmerzahl ist auf jeweils 15 Pl\u00e4tze limitiert.<\/p>\n","protected":false},"author":1,"featured_media":25213,"parent":0,"menu_order":0,"comment_status":"closed","ping_status":"closed","template":"","meta":{"footnotes":""},"class_list":["post-25175","page","type-page","status-publish","has-post-thumbnail","hentry"],"yoast_head":"<!-- This site is optimized with the Yoast SEO plugin v27.1.1 - https:\/\/yoast.com\/product\/yoast-seo-wordpress\/ -->\n<title>Brand Implementation Leadership Bootcamp | Brandification<\/title>\n<meta name=\"description\" content=\"Brand Implementation Leadership Bootcamp: Markenumsetzung, die wirkt! Nimm an unserem kostenfreien, exklusiven, eint\u00e4gigen Bootcamp teil.\" \/>\n<meta name=\"robots\" content=\"index, follow, max-snippet:-1, max-image-preview:large, max-video-preview:-1\" \/>\n<link rel=\"canonical\" href=\"https:\/\/brandification.com\/de\/bootcamp-interesse\/\" \/>\n<meta property=\"og:locale\" content=\"de_DE\" \/>\n<meta property=\"og:type\" content=\"article\" \/>\n<meta property=\"og:title\" content=\"Brand Implementation Leadership Bootcamp | Brandification\" \/>\n<meta property=\"og:description\" content=\"Brand Implementation Leadership Bootcamp: Markenumsetzung, die wirkt! Nimm an unserem kostenfreien, exklusiven, eint\u00e4gigen Bootcamp teil.\" \/>\n<meta property=\"og:url\" content=\"https:\/\/brandification.com\/de\/bootcamp-interesse\/\" \/>\n<meta property=\"og:site_name\" content=\"Brandification\" \/>\n<meta property=\"article:publisher\" content=\"https:\/\/www.facebook.com\/brandification.io\/\" \/>\n<meta property=\"article:modified_time\" content=\"2025-10-16T11:02:53+00:00\" \/>\n<meta property=\"og:image\" content=\"https:\/\/brandification.com\/de\/wp-content\/uploads\/sites\/4\/2024\/11\/Bootcamp-Visual-neues-Bild-32.jpg\" \/>\n\t<meta property=\"og:image:width\" content=\"2500\" \/>\n\t<meta property=\"og:image:height\" content=\"958\" \/>\n\t<meta property=\"og:image:type\" content=\"image\/jpeg\" \/>\n<meta name=\"twitter:card\" content=\"summary_large_image\" \/>\n<meta name=\"twitter:label1\" content=\"Gesch\u00e4tzte Lesezeit\" \/>\n\t<meta name=\"twitter:data1\" content=\"2\u00a0Minuten\" \/>\n<script type=\"application\/ld+json\" class=\"yoast-schema-graph\">{\"@context\":\"https:\/\/schema.org\",\"@graph\":[{\"@type\":\"WebPage\",\"@id\":\"https:\/\/brandification.com\/de\/bootcamp-interesse\/\",\"url\":\"https:\/\/brandification.com\/de\/bootcamp-interesse\/\",\"name\":\"Brand Implementation Leadership Bootcamp | Brandification\",\"isPartOf\":{\"@id\":\"https:\/\/brandification.com\/de\/#website\"},\"primaryImageOfPage\":{\"@id\":\"https:\/\/brandification.com\/de\/bootcamp-interesse\/#primaryimage\"},\"image\":{\"@id\":\"https:\/\/brandification.com\/de\/bootcamp-interesse\/#primaryimage\"},\"thumbnailUrl\":\"https:\/\/brandification.com\/de\/wp-content\/uploads\/sites\/4\/2024\/11\/Bootcamp-Visual-neues-Bild-32.jpg\",\"datePublished\":\"2025-05-22T08:33:34+00:00\",\"dateModified\":\"2025-10-16T11:02:53+00:00\",\"description\":\"Brand Implementation Leadership Bootcamp: Markenumsetzung, die wirkt! Nimm an unserem kostenfreien, exklusiven, eint\u00e4gigen Bootcamp teil.\",\"breadcrumb\":{\"@id\":\"https:\/\/brandification.com\/de\/bootcamp-interesse\/#breadcrumb\"},\"inLanguage\":\"de\",\"potentialAction\":[{\"@type\":\"ReadAction\",\"target\":[\"https:\/\/brandification.com\/de\/bootcamp-interesse\/\"]}]},{\"@type\":\"ImageObject\",\"inLanguage\":\"de\",\"@id\":\"https:\/\/brandification.com\/de\/bootcamp-interesse\/#primaryimage\",\"url\":\"https:\/\/brandification.com\/de\/wp-content\/uploads\/sites\/4\/2024\/11\/Bootcamp-Visual-neues-Bild-32.jpg\",\"contentUrl\":\"https:\/\/brandification.com\/de\/wp-content\/uploads\/sites\/4\/2024\/11\/Bootcamp-Visual-neues-Bild-32.jpg\",\"width\":2500,\"height\":958,\"caption\":\"Bootcamp Visual\"},{\"@type\":\"BreadcrumbList\",\"@id\":\"https:\/\/brandification.com\/de\/bootcamp-interesse\/#breadcrumb\",\"itemListElement\":[{\"@type\":\"ListItem\",\"position\":1,\"name\":\"Startseite\",\"item\":\"https:\/\/brandification.com\/de\/\"},{\"@type\":\"ListItem\",\"position\":2,\"name\":\"Bootcamp Interesse\"}]},{\"@type\":\"WebSite\",\"@id\":\"https:\/\/brandification.com\/de\/#website\",\"url\":\"https:\/\/brandification.com\/de\/\",\"name\":\"Brandification\",\"description\":\"Turn people into brand ambassadors\",\"publisher\":{\"@id\":\"https:\/\/brandification.com\/de\/#organization\"},\"potentialAction\":[{\"@type\":\"SearchAction\",\"target\":{\"@type\":\"EntryPoint\",\"urlTemplate\":\"https:\/\/brandification.com\/de\/?s={search_term_string}\"},\"query-input\":{\"@type\":\"PropertyValueSpecification\",\"valueRequired\":true,\"valueName\":\"search_term_string\"}}],\"inLanguage\":\"de\"},{\"@type\":\"Organization\",\"@id\":\"https:\/\/brandification.com\/de\/#organization\",\"name\":\"Brandification GmbH\",\"url\":\"https:\/\/brandification.com\/de\/\",\"logo\":{\"@type\":\"ImageObject\",\"inLanguage\":\"de\",\"@id\":\"https:\/\/brandification.com\/de\/#\/schema\/logo\/image\/\",\"url\":\"https:\/\/brandification.com\/de\/wp-content\/uploads\/sites\/4\/2022\/05\/cropped-App-Favicon.png\",\"contentUrl\":\"https:\/\/brandification.com\/de\/wp-content\/uploads\/sites\/4\/2022\/05\/cropped-App-Favicon.png\",\"width\":512,\"height\":512,\"caption\":\"Brandification GmbH\"},\"image\":{\"@id\":\"https:\/\/brandification.com\/de\/#\/schema\/logo\/image\/\"},\"sameAs\":[\"https:\/\/www.facebook.com\/brandification.io\/\",\"https:\/\/www.linkedin.com\/company\/brandification\/\",\"https:\/\/www.youtube.com\/channel\/UCLJbDMmDWtPuOZmkK-Ath3Q\",\"https:\/\/www.instagram.com\/brandification.io\/?hl=de\"]}]}<\/script>\n<!-- \/ Yoast SEO plugin. -->","yoast_head_json":{"title":"Brand Implementation Leadership Bootcamp | Brandification","description":"Brand Implementation Leadership Bootcamp: Markenumsetzung, die wirkt! Nimm an unserem kostenfreien, exklusiven, eint\u00e4gigen Bootcamp teil.","robots":{"index":"index","follow":"follow","max-snippet":"max-snippet:-1","max-image-preview":"max-image-preview:large","max-video-preview":"max-video-preview:-1"},"canonical":"https:\/\/brandification.com\/de\/bootcamp-interesse\/","og_locale":"de_DE","og_type":"article","og_title":"Brand Implementation Leadership Bootcamp | Brandification","og_description":"Brand Implementation Leadership Bootcamp: Markenumsetzung, die wirkt! Nimm an unserem kostenfreien, exklusiven, eint\u00e4gigen Bootcamp teil.","og_url":"https:\/\/brandification.com\/de\/bootcamp-interesse\/","og_site_name":"Brandification","article_publisher":"https:\/\/www.facebook.com\/brandification.io\/","article_modified_time":"2025-10-16T11:02:53+00:00","og_image":[{"width":2500,"height":958,"url":"https:\/\/brandification.com\/de\/wp-content\/uploads\/sites\/4\/2024\/11\/Bootcamp-Visual-neues-Bild-32.jpg","type":"image\/jpeg"}],"twitter_card":"summary_large_image","twitter_misc":{"Gesch\u00e4tzte Lesezeit":"2\u00a0Minuten"},"schema":{"@context":"https:\/\/schema.org","@graph":[{"@type":"WebPage","@id":"https:\/\/brandification.com\/de\/bootcamp-interesse\/","url":"https:\/\/brandification.com\/de\/bootcamp-interesse\/","name":"Brand Implementation Leadership Bootcamp | Brandification","isPartOf":{"@id":"https:\/\/brandification.com\/de\/#website"},"primaryImageOfPage":{"@id":"https:\/\/brandification.com\/de\/bootcamp-interesse\/#primaryimage"},"image":{"@id":"https:\/\/brandification.com\/de\/bootcamp-interesse\/#primaryimage"},"thumbnailUrl":"https:\/\/brandification.com\/de\/wp-content\/uploads\/sites\/4\/2024\/11\/Bootcamp-Visual-neues-Bild-32.jpg","datePublished":"2025-05-22T08:33:34+00:00","dateModified":"2025-10-16T11:02:53+00:00","description":"Brand Implementation Leadership Bootcamp: Markenumsetzung, die wirkt! Nimm an unserem kostenfreien, exklusiven, eint\u00e4gigen Bootcamp teil.","breadcrumb":{"@id":"https:\/\/brandification.com\/de\/bootcamp-interesse\/#breadcrumb"},"inLanguage":"de","potentialAction":[{"@type":"ReadAction","target":["https:\/\/brandification.com\/de\/bootcamp-interesse\/"]}]},{"@type":"ImageObject","inLanguage":"de","@id":"https:\/\/brandification.com\/de\/bootcamp-interesse\/#primaryimage","url":"https:\/\/brandification.com\/de\/wp-content\/uploads\/sites\/4\/2024\/11\/Bootcamp-Visual-neues-Bild-32.jpg","contentUrl":"https:\/\/brandification.com\/de\/wp-content\/uploads\/sites\/4\/2024\/11\/Bootcamp-Visual-neues-Bild-32.jpg","width":2500,"height":958,"caption":"Bootcamp Visual"},{"@type":"BreadcrumbList","@id":"https:\/\/brandification.com\/de\/bootcamp-interesse\/#breadcrumb","itemListElement":[{"@type":"ListItem","position":1,"name":"Startseite","item":"https:\/\/brandification.com\/de\/"},{"@type":"ListItem","position":2,"name":"Bootcamp Interesse"}]},{"@type":"WebSite","@id":"https:\/\/brandification.com\/de\/#website","url":"https:\/\/brandification.com\/de\/","name":"Brandification","description":"Turn people into brand ambassadors","publisher":{"@id":"https:\/\/brandification.com\/de\/#organization"},"potentialAction":[{"@type":"SearchAction","target":{"@type":"EntryPoint","urlTemplate":"https:\/\/brandification.com\/de\/?s={search_term_string}"},"query-input":{"@type":"PropertyValueSpecification","valueRequired":true,"valueName":"search_term_string"}}],"inLanguage":"de"},{"@type":"Organization","@id":"https:\/\/brandification.com\/de\/#organization","name":"Brandification GmbH","url":"https:\/\/brandification.com\/de\/","logo":{"@type":"ImageObject","inLanguage":"de","@id":"https:\/\/brandification.com\/de\/#\/schema\/logo\/image\/","url":"https:\/\/brandification.com\/de\/wp-content\/uploads\/sites\/4\/2022\/05\/cropped-App-Favicon.png","contentUrl":"https:\/\/brandification.com\/de\/wp-content\/uploads\/sites\/4\/2022\/05\/cropped-App-Favicon.png","width":512,"height":512,"caption":"Brandification GmbH"},"image":{"@id":"https:\/\/brandification.com\/de\/#\/schema\/logo\/image\/"},"sameAs":["https:\/\/www.facebook.com\/brandification.io\/","https:\/\/www.linkedin.com\/company\/brandification\/","https:\/\/www.youtube.com\/channel\/UCLJbDMmDWtPuOZmkK-Ath3Q","https:\/\/www.instagram.com\/brandification.io\/?hl=de"]}]}},"_links":{"self":[{"href":"https:\/\/brandification.com\/de\/wp-json\/wp\/v2\/pages\/25175","targetHints":{"allow":["GET"]}}],"collection":[{"href":"https:\/\/brandification.com\/de\/wp-json\/wp\/v2\/pages"}],"about":[{"href":"https:\/\/brandification.com\/de\/wp-json\/wp\/v2\/types\/page"}],"author":[{"embeddable":true,"href":"https:\/\/brandification.com\/de\/wp-json\/wp\/v2\/users\/1"}],"replies":[{"embeddable":true,"href":"https:\/\/brandification.com\/de\/wp-json\/wp\/v2\/comments?post=25175"}],"version-history":[{"count":0,"href":"https:\/\/brandification.com\/de\/wp-json\/wp\/v2\/pages\/25175\/revisions"}],"wp:featuredmedia":[{"embeddable":true,"href":"https:\/\/brandification.com\/de\/wp-json\/wp\/v2\/media\/25213"}],"wp:attachment":[{"href":"https:\/\/brandification.com\/de\/wp-json\/wp\/v2\/media?parent=25175"}],"curies":[{"name":"wp","href":"https:\/\/api.w.org\/{rel}","templated":true}]}}