{"id":25829,"date":"2025-11-07T12:18:20","date_gmt":"2025-11-07T11:18:20","guid":{"rendered":"https:\/\/brandification.com\/de\/?page_id=25829"},"modified":"2025-12-16T11:12:01","modified_gmt":"2025-12-16T10:12:01","slug":"brand-consistency-index","status":"publish","type":"page","link":"https:\/\/brandification.com\/de\/brand-consistency-index\/","title":{"rendered":"Whitepaper Brand Consistency Index"},"content":{"rendered":"\t\t<div data-elementor-type=\"wp-page\" data-elementor-id=\"25829\" class=\"elementor elementor-25829\" data-elementor-settings=\"{&quot;ha_cmc_init_switcher&quot;:&quot;no&quot;}\">\n\t\t\t\t\t\t<section class=\"elementor-section elementor-top-section elementor-element elementor-element-26c4661f elementor-section-boxed elementor-section-height-default elementor-section-height-default\" data-id=\"26c4661f\" data-element_type=\"section\" data-e-type=\"section\" data-settings=\"{&quot;_ha_eqh_enable&quot;:false}\">\n\t\t\t\t\t\t<div class=\"elementor-container elementor-column-gap-default\">\n\t\t\t\t\t<div class=\"elementor-column elementor-col-100 elementor-top-column elementor-element elementor-element-c825170\" data-id=\"c825170\" data-element_type=\"column\" data-e-type=\"column\">\n\t\t\t<div class=\"elementor-widget-wrap elementor-element-populated\">\n\t\t\t\t\t\t<section class=\"elementor-section elementor-inner-section elementor-element elementor-element-dc2a7c0 elementor-section-boxed elementor-section-height-default elementor-section-height-default\" data-id=\"dc2a7c0\" data-element_type=\"section\" data-e-type=\"section\" data-settings=\"{&quot;background_background&quot;:&quot;classic&quot;,&quot;_ha_eqh_enable&quot;:false}\">\n\t\t\t\t\t\t<div class=\"elementor-container elementor-column-gap-default\">\n\t\t\t\t\t<div class=\"elementor-column elementor-col-50 elementor-inner-column elementor-element elementor-element-1e064f6\" data-id=\"1e064f6\" data-element_type=\"column\" data-e-type=\"column\" data-settings=\"{&quot;background_background&quot;:&quot;classic&quot;}\">\n\t\t\t<div class=\"elementor-widget-wrap elementor-element-populated\">\n\t\t\t\t\t\t<div class=\"elementor-element elementor-element-0578a64 elementor-widget elementor-widget-heading\" data-id=\"0578a64\" data-element_type=\"widget\" data-e-type=\"widget\" data-widget_type=\"heading.default\">\n\t\t\t\t<div class=\"elementor-widget-container\">\n\t\t\t\t\t<h1 class=\"elementor-heading-title elementor-size-default\"><b style=\"text-align: start\">Die eine Zahl, die du f\u00fcr&nbsp;<\/b><div><b style=\"text-align: start\">deine Marke brauchst \ud83d\ude80<\/b> <\/div><\/h1>\t\t\t\t<\/div>\n\t\t\t\t<\/div>\n\t\t\t\t<div class=\"elementor-element elementor-element-60dd50d elementor-widget elementor-widget-text-editor\" data-id=\"60dd50d\" data-element_type=\"widget\" data-e-type=\"widget\" data-widget_type=\"text-editor.default\">\n\t\t\t\t<div class=\"elementor-widget-container\">\n\t\t\t\t\t\t\t\t\t<p class=\"p1\">Brand Management war noch nie so komplex: neue Kan\u00e4le, immer mehr Formate, fragmentierte Zielgruppen. Die eigentliche Herausforderung ist l\u00e4ngst nicht mehr Sichtbarkeit \u2013 sondern <strong>Konsistenz<\/strong>. Doch wie misst du, ob deine Marke wirklich einheitlich wahrgenommen wird?<\/p><p class=\"p1\">Im Whitepaper zeigen wir dir, wie der <span class=\"s1\"><b>Brand Consistency Index (BCI)<\/b><\/span> genau das m\u00f6glich macht: eine Kennzahl, die abbildet, wie stimmig deine Marke \u00fcber Design, Werte und Kundenerlebnis hinweg wirkt und wo Handlungsbedarf besteht.<\/p><p class=\"p1\"><span style=\"text-decoration: underline\">Das erwartet dich<\/span>:<\/p><p class=\"p1\">\u2714 Verst\u00e4ndliche Einf\u00fchrung, warum Markenkonsistenz heute \u00fcber Markenerfolg entscheidet<\/p><p class=\"p1\">\u2714 Die drei Dimensionen der Markenkonsistenz: CD\/CI, Werte &amp; Positionierung, Kundenorientierung<\/p><p class=\"p1\">\u2714 So wird aus Einzelbewertungen ein klarer Brand Consistency Index f\u00fcr deine Marke<\/p><p class=\"p1\">\u2714 <strong>Praxisnaher 5-Schritte-Plan<\/strong> (Audit, Analyse, Governance, Enablement, Monitoring) zur Steigerung deiner Markenkonsistenz<\/p><p class=\"p1\">\u2714 Einblick, wie Brandification den BCI in der Praxis messbar macht<\/p><p class=\"p3\"><span class=\"s2\">Dieses Whitepaper hilft dir, <\/span><b>Markenkonsistenz erstmals datenbasiert zu messen, Inkonsistenzen aufzudecken und deine Marke systematisch zu st\u00e4rken. \ud83d\udcaa\ud83c\udffc<\/b><\/p>\t\t\t\t\t\t\t\t<\/div>\n\t\t\t\t<\/div>\n\t\t\t\t\t<\/div>\n\t\t<\/div>\n\t\t\t\t<div class=\"elementor-column elementor-col-50 elementor-inner-column elementor-element elementor-element-6408f86\" data-id=\"6408f86\" data-element_type=\"column\" data-e-type=\"column\" data-settings=\"{&quot;background_background&quot;:&quot;classic&quot;}\">\n\t\t\t<div class=\"elementor-widget-wrap elementor-element-populated\">\n\t\t\t\t\t\t<div class=\"elementor-element elementor-element-144df2e elementor-widget elementor-widget-heading\" data-id=\"144df2e\" data-element_type=\"widget\" data-e-type=\"widget\" data-widget_type=\"heading.default\">\n\t\t\t\t<div class=\"elementor-widget-container\">\n\t\t\t\t\t<h2 class=\"elementor-heading-title elementor-size-default\">\nEinfach E-Mail eintragen und \n<br>Whitepaper sichern:<\/h2>\t\t\t\t<\/div>\n\t\t\t\t<\/div>\n\t\t\t\t<div class=\"elementor-element elementor-element-6fbe8aa elementor-widget elementor-widget-text-editor\" data-id=\"6fbe8aa\" data-element_type=\"widget\" data-e-type=\"widget\" data-widget_type=\"text-editor.default\">\n\t\t\t\t<div class=\"elementor-widget-container\">\n\t\t\t\t\t\t\t\t\t<p class=\"p1\">Markenkonsistenz ist kein Bauchgef\u00fchl.<\/p><p class=\"p1\">Mit dem <strong>Brand Consistency Index<\/strong> machst du sie \u00fcber alle Touchpoints hinweg messbar.<\/p><p class=\"p1\">Hol dir das Whitepaper und finde <strong>deine eine Zahl f\u00fcr die Marke<\/strong>. \ud83d\udca1<\/p>\t\t\t\t\t\t\t\t<\/div>\n\t\t\t\t<\/div>\n\t\t\t\t<div class=\"elementor-element elementor-element-c44d431 elementor-button-align-center elementor-widget elementor-widget-form\" data-id=\"c44d431\" data-element_type=\"widget\" data-e-type=\"widget\" data-settings=\"{&quot;step_next_label&quot;:&quot;Next&quot;,&quot;step_previous_label&quot;:&quot;Previous&quot;,&quot;button_width&quot;:&quot;100&quot;,&quot;step_type&quot;:&quot;number_text&quot;,&quot;step_icon_shape&quot;:&quot;circle&quot;}\" data-widget_type=\"form.default\">\n\t\t\t\t<div class=\"elementor-widget-container\">\n\t\t\t\t\t\t\t<form class=\"elementor-form\" method=\"post\" name=\"Touchpoint Liste Download\">\n\t\t\t<input type=\"hidden\" name=\"post_id\" value=\"25829\"\/>\n\t\t\t<input type=\"hidden\" name=\"form_id\" value=\"c44d431\"\/>\n\t\t\t<input type=\"hidden\" name=\"referer_title\" value=\"Brandification\" \/>\n\n\t\t\t\n\t\t\t<div class=\"elementor-form-fields-wrapper elementor-labels-above\">\n\t\t\t\t\t\t\t\t<div class=\"elementor-field-type-text elementor-field-group elementor-column elementor-field-group-field_0435afe elementor-col-50 elementor-field-required elementor-mark-required\">\n\t\t\t\t\t\t\t\t\t\t\t\t<label for=\"form-field-field_0435afe\" class=\"elementor-field-label\">\n\t\t\t\t\t\t\t\tVorname\t\t\t\t\t\t\t<\/label>\n\t\t\t\t\t\t\t\t\t\t\t\t\t\t<input size=\"1\" type=\"text\" name=\"form_fields[field_0435afe]\" id=\"form-field-field_0435afe\" class=\"elementor-field elementor-size-sm  elementor-field-textual\" placeholder=\"Vorname\" required=\"required\" aria-required=\"true\">\n\t\t\t\t\t\t\t\t\t\t\t<\/div>\n\t\t\t\t\t\t\t\t<div class=\"elementor-field-type-text elementor-field-group elementor-column elementor-field-group-field_97f1829 elementor-col-50 elementor-field-required elementor-mark-required\">\n\t\t\t\t\t\t\t\t\t\t\t\t<label for=\"form-field-field_97f1829\" class=\"elementor-field-label\">\n\t\t\t\t\t\t\t\tName\t\t\t\t\t\t\t<\/label>\n\t\t\t\t\t\t\t\t\t\t\t\t\t\t<input size=\"1\" type=\"text\" name=\"form_fields[field_97f1829]\" id=\"form-field-field_97f1829\" class=\"elementor-field elementor-size-sm  elementor-field-textual\" placeholder=\"Name\" required=\"required\" aria-required=\"true\">\n\t\t\t\t\t\t\t\t\t\t\t<\/div>\n\t\t\t\t\t\t\t\t<div class=\"elementor-field-type-text elementor-field-group elementor-column elementor-field-group-field_278a83a elementor-col-100 elementor-field-required elementor-mark-required\">\n\t\t\t\t\t\t\t\t\t\t\t\t<label for=\"form-field-field_278a83a\" class=\"elementor-field-label\">\n\t\t\t\t\t\t\t\tUnternehmen\t\t\t\t\t\t\t<\/label>\n\t\t\t\t\t\t\t\t\t\t\t\t\t\t<input size=\"1\" type=\"text\" name=\"form_fields[field_278a83a]\" id=\"form-field-field_278a83a\" class=\"elementor-field elementor-size-sm  elementor-field-textual\" placeholder=\"Unternehmen\" required=\"required\" aria-required=\"true\">\n\t\t\t\t\t\t\t\t\t\t\t<\/div>\n\t\t\t\t\t\t\t\t<div class=\"elementor-field-type-email elementor-field-group elementor-column elementor-field-group-field_e0d2814 elementor-col-100 elementor-field-required elementor-mark-required\">\n\t\t\t\t\t\t\t\t\t\t\t\t<label for=\"form-field-field_e0d2814\" class=\"elementor-field-label\">\n\t\t\t\t\t\t\t\tE-Mail\t\t\t\t\t\t\t<\/label>\n\t\t\t\t\t\t\t\t\t\t\t\t\t\t<input size=\"1\" type=\"email\" name=\"form_fields[field_e0d2814]\" id=\"form-field-field_e0d2814\" class=\"elementor-field elementor-size-sm  elementor-field-textual\" placeholder=\"E-Mail\" required=\"required\" aria-required=\"true\">\n\t\t\t\t\t\t\t\t\t\t\t<\/div>\n\t\t\t\t\t\t\t\t<div class=\"elementor-field-type-acceptance elementor-field-group elementor-column elementor-field-group-field_4a4cf69 elementor-col-100 elementor-field-required elementor-mark-required\">\n\t\t\t\t\t\t\t\t\t\t\t\t<label for=\"form-field-field_4a4cf69\" class=\"elementor-field-label\">\n\t\t\t\t\t\t\t\tDatenschutz\t\t\t\t\t\t\t<\/label>\n\t\t\t\t\t\t\t\t<div class=\"elementor-field-subgroup\">\n\t\t\t<span class=\"elementor-field-option\">\n\t\t\t\t<input type=\"checkbox\" name=\"form_fields[field_4a4cf69]\" id=\"form-field-field_4a4cf69\" class=\"elementor-field elementor-size-sm  elementor-acceptance-field\" required=\"required\" aria-required=\"true\">\n\t\t\t\t<label for=\"form-field-field_4a4cf69\">Ich stimme der Datenschutzerkl\u00e4rung zu.<\/label>\t\t\t<\/span>\n\t\t<\/div>\n\t\t\t\t\t\t<\/div>\n\t\t\t\t\t\t\t\t<div class=\"elementor-field-group elementor-column elementor-field-type-submit elementor-col-100 e-form__buttons\">\n\t\t\t\t\t<button type=\"submit\" class=\"elementor-button elementor-size-sm elementor-animation-shrink\">\n\t\t\t\t\t\t<span >\n\t\t\t\t\t\t\t\t\t\t\t\t\t\t\t<span class=\" elementor-button-icon\">\n\t\t\t\t\t\t\t\t\t\t\t\t\t\t\t\t\t\t\t\t\t\t\t\t\t\t<\/span>\n\t\t\t\t\t\t\t\t\t\t\t\t\t\t\t\t\t\t\t\t\t\t<span class=\"elementor-button-text\">Jetzt Whitepaper herunterladen<\/span>\n\t\t\t\t\t\t\t\t\t\t\t\t\t<\/span>\n\t\t\t\t\t<\/button>\n\t\t\t\t<\/div>\n\t\t\t<\/div>\n\t\t<\/form>\n\t\t\t\t\t\t<\/div>\n\t\t\t\t<\/div>\n\t\t\t\t<div class=\"elementor-element elementor-element-dd51500 elementor-widget elementor-widget-text-editor\" data-id=\"dd51500\" data-element_type=\"widget\" data-e-type=\"widget\" data-widget_type=\"text-editor.default\">\n\t\t\t\t<div class=\"elementor-widget-container\">\n\t\t\t\t\t\t\t\t\t<p><span style=\"color: #ffffff\">Weitere Informationen findest du in unserer<\/span> <span style=\"color: #ffffff\"><a style=\"color: #ffffff\" href=\"https:\/\/brandification.com\/de\/datenschutz\/\" target=\"_blank\" rel=\"noopener\"><span style=\"text-decoration: underline\">Datenschutzerkl\u00e4rung<\/span><\/a><\/span>.<\/p>\t\t\t\t\t\t\t\t<\/div>\n\t\t\t\t<\/div>\n\t\t\t\t<div class=\"elementor-element elementor-element-cc502f7 elementor-widget elementor-widget-image\" data-id=\"cc502f7\" data-element_type=\"widget\" data-e-type=\"widget\" data-widget_type=\"image.default\">\n\t\t\t\t<div class=\"elementor-widget-container\">\n\t\t\t\t\t\t\t\t\t\t\t\t\t\t\t<img fetchpriority=\"high\" decoding=\"async\" width=\"800\" height=\"515\" src=\"https:\/\/brandification.com\/de\/wp-content\/uploads\/sites\/4\/2025\/11\/Whitepaper-Mockup9-09-1024x659.png\" class=\"attachment-large size-large wp-image-25893\" alt=\"Brand Consistency Index Report f\u00fcr Brand Governance: Whitepaper mit Executive Summary zur Markenkonsistenz und Steuerung\" srcset=\"https:\/\/brandification.com\/de\/wp-content\/uploads\/sites\/4\/2025\/11\/Whitepaper-Mockup9-09-1024x659.png 1024w, https:\/\/brandification.com\/de\/wp-content\/uploads\/sites\/4\/2025\/11\/Whitepaper-Mockup9-09-300x193.png 300w, https:\/\/brandification.com\/de\/wp-content\/uploads\/sites\/4\/2025\/11\/Whitepaper-Mockup9-09-768x494.png 768w, https:\/\/brandification.com\/de\/wp-content\/uploads\/sites\/4\/2025\/11\/Whitepaper-Mockup9-09-1536x988.png 1536w, https:\/\/brandification.com\/de\/wp-content\/uploads\/sites\/4\/2025\/11\/Whitepaper-Mockup9-09.png 1655w\" sizes=\"(max-width: 800px) 100vw, 800px\" \/>\t\t\t\t\t\t\t\t\t\t\t\t\t\t\t<\/div>\n\t\t\t\t<\/div>\n\t\t\t\t\t<\/div>\n\t\t<\/div>\n\t\t\t\t\t<\/div>\n\t\t<\/section>\n\t\t\t\t\t<\/div>\n\t\t<\/div>\n\t\t\t\t\t<\/div>\n\t\t<\/section>\n\t\t\t\t<\/div>\n\t\t","protected":false},"excerpt":{"rendered":"<p>Die eine Zahl, die du f\u00fcr&nbsp;deine Marke brauchst \ud83d\ude80 Brand Management war noch nie so komplex: neue Kan\u00e4le, immer mehr Formate, fragmentierte Zielgruppen. Die eigentliche Herausforderung ist l\u00e4ngst nicht mehr Sichtbarkeit \u2013 sondern Konsistenz. Doch wie misst du, ob deine Marke wirklich einheitlich wahrgenommen wird? Im Whitepaper zeigen wir dir, wie der Brand Consistency Index [&hellip;]<\/p>\n","protected":false},"author":1,"featured_media":25845,"parent":0,"menu_order":0,"comment_status":"closed","ping_status":"closed","template":"","meta":{"footnotes":""},"class_list":["post-25829","page","type-page","status-publish","has-post-thumbnail","hentry"],"yoast_head":"<!-- This site is optimized with the Yoast SEO plugin v27.3 - https:\/\/yoast.com\/product\/yoast-seo-wordpress\/ -->\n<title>Brand Consistency Index: Die eine Zahl f\u00fcr deine Marke<\/title>\n<meta name=\"description\" content=\"Entdecke im Whitepaper zum Brand Consistency Index, wie du Markenkonsistenz in einer Zahl misst und gezielt steigerst. Jetzt herunterladen.\" \/>\n<meta name=\"robots\" content=\"index, follow, max-snippet:-1, max-image-preview:large, max-video-preview:-1\" \/>\n<link rel=\"canonical\" href=\"https:\/\/brandification.com\/de\/brand-consistency-index\/\" \/>\n<meta property=\"og:locale\" content=\"de_DE\" \/>\n<meta property=\"og:type\" content=\"article\" \/>\n<meta property=\"og:title\" content=\"Brand Consistency Index: Die eine Zahl f\u00fcr deine Marke\" \/>\n<meta property=\"og:description\" content=\"Entdecke im Whitepaper zum Brand Consistency Index, wie du Markenkonsistenz in einer Zahl misst und gezielt steigerst. Jetzt herunterladen.\" \/>\n<meta property=\"og:url\" content=\"https:\/\/brandification.com\/de\/brand-consistency-index\/\" \/>\n<meta property=\"og:site_name\" content=\"Brandification\" \/>\n<meta property=\"article:publisher\" content=\"https:\/\/www.facebook.com\/brandification.io\/\" \/>\n<meta property=\"article:modified_time\" content=\"2025-12-16T10:12:01+00:00\" \/>\n<meta property=\"og:image\" content=\"https:\/\/brandification.com\/de\/wp-content\/uploads\/sites\/4\/2025\/11\/Whitepaper-Mockup7-09.png\" \/>\n\t<meta property=\"og:image:width\" content=\"2022\" \/>\n\t<meta property=\"og:image:height\" content=\"1065\" \/>\n\t<meta property=\"og:image:type\" content=\"image\/png\" \/>\n<meta name=\"twitter:card\" content=\"summary_large_image\" \/>\n<meta name=\"twitter:label1\" content=\"Gesch\u00e4tzte Lesezeit\" \/>\n\t<meta name=\"twitter:data1\" content=\"3\u00a0Minuten\" \/>\n<script type=\"application\/ld+json\" class=\"yoast-schema-graph\">{\"@context\":\"https:\\\/\\\/schema.org\",\"@graph\":[{\"@type\":\"WebPage\",\"@id\":\"https:\\\/\\\/brandification.com\\\/de\\\/brand-consistency-index\\\/\",\"url\":\"https:\\\/\\\/brandification.com\\\/de\\\/brand-consistency-index\\\/\",\"name\":\"Brand Consistency Index: Die eine Zahl f\u00fcr deine Marke\",\"isPartOf\":{\"@id\":\"https:\\\/\\\/brandification.com\\\/de\\\/#website\"},\"primaryImageOfPage\":{\"@id\":\"https:\\\/\\\/brandification.com\\\/de\\\/brand-consistency-index\\\/#primaryimage\"},\"image\":{\"@id\":\"https:\\\/\\\/brandification.com\\\/de\\\/brand-consistency-index\\\/#primaryimage\"},\"thumbnailUrl\":\"https:\\\/\\\/brandification.com\\\/de\\\/wp-content\\\/uploads\\\/sites\\\/4\\\/2025\\\/11\\\/Whitepaper-Mockup7-09.png\",\"datePublished\":\"2025-11-07T11:18:20+00:00\",\"dateModified\":\"2025-12-16T10:12:01+00:00\",\"description\":\"Entdecke im Whitepaper zum Brand Consistency Index, wie du Markenkonsistenz in einer Zahl misst und gezielt steigerst. Jetzt herunterladen.\",\"breadcrumb\":{\"@id\":\"https:\\\/\\\/brandification.com\\\/de\\\/brand-consistency-index\\\/#breadcrumb\"},\"inLanguage\":\"de\",\"potentialAction\":[{\"@type\":\"ReadAction\",\"target\":[\"https:\\\/\\\/brandification.com\\\/de\\\/brand-consistency-index\\\/\"]}]},{\"@type\":\"ImageObject\",\"inLanguage\":\"de\",\"@id\":\"https:\\\/\\\/brandification.com\\\/de\\\/brand-consistency-index\\\/#primaryimage\",\"url\":\"https:\\\/\\\/brandification.com\\\/de\\\/wp-content\\\/uploads\\\/sites\\\/4\\\/2025\\\/11\\\/Whitepaper-Mockup7-09.png\",\"contentUrl\":\"https:\\\/\\\/brandification.com\\\/de\\\/wp-content\\\/uploads\\\/sites\\\/4\\\/2025\\\/11\\\/Whitepaper-Mockup7-09.png\",\"width\":2022,\"height\":1065,\"caption\":\"Brand Consistency Whitepaper\"},{\"@type\":\"BreadcrumbList\",\"@id\":\"https:\\\/\\\/brandification.com\\\/de\\\/brand-consistency-index\\\/#breadcrumb\",\"itemListElement\":[{\"@type\":\"ListItem\",\"position\":1,\"name\":\"Startseite\",\"item\":\"https:\\\/\\\/brandification.com\\\/de\\\/\"},{\"@type\":\"ListItem\",\"position\":2,\"name\":\"Whitepaper Brand Consistency Index\"}]},{\"@type\":\"WebSite\",\"@id\":\"https:\\\/\\\/brandification.com\\\/de\\\/#website\",\"url\":\"https:\\\/\\\/brandification.com\\\/de\\\/\",\"name\":\"Brandification\",\"description\":\"Turn people into brand ambassadors\",\"publisher\":{\"@id\":\"https:\\\/\\\/brandification.com\\\/de\\\/#organization\"},\"potentialAction\":[{\"@type\":\"SearchAction\",\"target\":{\"@type\":\"EntryPoint\",\"urlTemplate\":\"https:\\\/\\\/brandification.com\\\/de\\\/?s={search_term_string}\"},\"query-input\":{\"@type\":\"PropertyValueSpecification\",\"valueRequired\":true,\"valueName\":\"search_term_string\"}}],\"inLanguage\":\"de\"},{\"@type\":\"Organization\",\"@id\":\"https:\\\/\\\/brandification.com\\\/de\\\/#organization\",\"name\":\"Brandification GmbH\",\"url\":\"https:\\\/\\\/brandification.com\\\/de\\\/\",\"logo\":{\"@type\":\"ImageObject\",\"inLanguage\":\"de\",\"@id\":\"https:\\\/\\\/brandification.com\\\/de\\\/#\\\/schema\\\/logo\\\/image\\\/\",\"url\":\"https:\\\/\\\/brandification.com\\\/de\\\/wp-content\\\/uploads\\\/sites\\\/4\\\/2022\\\/05\\\/cropped-App-Favicon.png\",\"contentUrl\":\"https:\\\/\\\/brandification.com\\\/de\\\/wp-content\\\/uploads\\\/sites\\\/4\\\/2022\\\/05\\\/cropped-App-Favicon.png\",\"width\":512,\"height\":512,\"caption\":\"Brandification GmbH\"},\"image\":{\"@id\":\"https:\\\/\\\/brandification.com\\\/de\\\/#\\\/schema\\\/logo\\\/image\\\/\"},\"sameAs\":[\"https:\\\/\\\/www.facebook.com\\\/brandification.io\\\/\",\"https:\\\/\\\/www.linkedin.com\\\/company\\\/brandification\\\/\",\"https:\\\/\\\/www.youtube.com\\\/channel\\\/UCLJbDMmDWtPuOZmkK-Ath3Q\",\"https:\\\/\\\/www.instagram.com\\\/brandification.io\\\/?hl=de\"]}]}<\/script>\n<!-- \/ Yoast SEO plugin. -->","yoast_head_json":{"title":"Brand Consistency Index: Die eine Zahl f\u00fcr deine Marke","description":"Entdecke im Whitepaper zum Brand Consistency Index, wie du Markenkonsistenz in einer Zahl misst und gezielt steigerst. Jetzt herunterladen.","robots":{"index":"index","follow":"follow","max-snippet":"max-snippet:-1","max-image-preview":"max-image-preview:large","max-video-preview":"max-video-preview:-1"},"canonical":"https:\/\/brandification.com\/de\/brand-consistency-index\/","og_locale":"de_DE","og_type":"article","og_title":"Brand Consistency Index: Die eine Zahl f\u00fcr deine Marke","og_description":"Entdecke im Whitepaper zum Brand Consistency Index, wie du Markenkonsistenz in einer Zahl misst und gezielt steigerst. Jetzt herunterladen.","og_url":"https:\/\/brandification.com\/de\/brand-consistency-index\/","og_site_name":"Brandification","article_publisher":"https:\/\/www.facebook.com\/brandification.io\/","article_modified_time":"2025-12-16T10:12:01+00:00","og_image":[{"width":2022,"height":1065,"url":"https:\/\/brandification.com\/de\/wp-content\/uploads\/sites\/4\/2025\/11\/Whitepaper-Mockup7-09.png","type":"image\/png"}],"twitter_card":"summary_large_image","twitter_misc":{"Gesch\u00e4tzte Lesezeit":"3\u00a0Minuten"},"schema":{"@context":"https:\/\/schema.org","@graph":[{"@type":"WebPage","@id":"https:\/\/brandification.com\/de\/brand-consistency-index\/","url":"https:\/\/brandification.com\/de\/brand-consistency-index\/","name":"Brand Consistency Index: Die eine Zahl f\u00fcr deine Marke","isPartOf":{"@id":"https:\/\/brandification.com\/de\/#website"},"primaryImageOfPage":{"@id":"https:\/\/brandification.com\/de\/brand-consistency-index\/#primaryimage"},"image":{"@id":"https:\/\/brandification.com\/de\/brand-consistency-index\/#primaryimage"},"thumbnailUrl":"https:\/\/brandification.com\/de\/wp-content\/uploads\/sites\/4\/2025\/11\/Whitepaper-Mockup7-09.png","datePublished":"2025-11-07T11:18:20+00:00","dateModified":"2025-12-16T10:12:01+00:00","description":"Entdecke im Whitepaper zum Brand Consistency Index, wie du Markenkonsistenz in einer Zahl misst und gezielt steigerst. Jetzt herunterladen.","breadcrumb":{"@id":"https:\/\/brandification.com\/de\/brand-consistency-index\/#breadcrumb"},"inLanguage":"de","potentialAction":[{"@type":"ReadAction","target":["https:\/\/brandification.com\/de\/brand-consistency-index\/"]}]},{"@type":"ImageObject","inLanguage":"de","@id":"https:\/\/brandification.com\/de\/brand-consistency-index\/#primaryimage","url":"https:\/\/brandification.com\/de\/wp-content\/uploads\/sites\/4\/2025\/11\/Whitepaper-Mockup7-09.png","contentUrl":"https:\/\/brandification.com\/de\/wp-content\/uploads\/sites\/4\/2025\/11\/Whitepaper-Mockup7-09.png","width":2022,"height":1065,"caption":"Brand Consistency Whitepaper"},{"@type":"BreadcrumbList","@id":"https:\/\/brandification.com\/de\/brand-consistency-index\/#breadcrumb","itemListElement":[{"@type":"ListItem","position":1,"name":"Startseite","item":"https:\/\/brandification.com\/de\/"},{"@type":"ListItem","position":2,"name":"Whitepaper Brand Consistency Index"}]},{"@type":"WebSite","@id":"https:\/\/brandification.com\/de\/#website","url":"https:\/\/brandification.com\/de\/","name":"Brandification","description":"Turn people into brand ambassadors","publisher":{"@id":"https:\/\/brandification.com\/de\/#organization"},"potentialAction":[{"@type":"SearchAction","target":{"@type":"EntryPoint","urlTemplate":"https:\/\/brandification.com\/de\/?s={search_term_string}"},"query-input":{"@type":"PropertyValueSpecification","valueRequired":true,"valueName":"search_term_string"}}],"inLanguage":"de"},{"@type":"Organization","@id":"https:\/\/brandification.com\/de\/#organization","name":"Brandification GmbH","url":"https:\/\/brandification.com\/de\/","logo":{"@type":"ImageObject","inLanguage":"de","@id":"https:\/\/brandification.com\/de\/#\/schema\/logo\/image\/","url":"https:\/\/brandification.com\/de\/wp-content\/uploads\/sites\/4\/2022\/05\/cropped-App-Favicon.png","contentUrl":"https:\/\/brandification.com\/de\/wp-content\/uploads\/sites\/4\/2022\/05\/cropped-App-Favicon.png","width":512,"height":512,"caption":"Brandification GmbH"},"image":{"@id":"https:\/\/brandification.com\/de\/#\/schema\/logo\/image\/"},"sameAs":["https:\/\/www.facebook.com\/brandification.io\/","https:\/\/www.linkedin.com\/company\/brandification\/","https:\/\/www.youtube.com\/channel\/UCLJbDMmDWtPuOZmkK-Ath3Q","https:\/\/www.instagram.com\/brandification.io\/?hl=de"]}]}},"_links":{"self":[{"href":"https:\/\/brandification.com\/de\/wp-json\/wp\/v2\/pages\/25829","targetHints":{"allow":["GET"]}}],"collection":[{"href":"https:\/\/brandification.com\/de\/wp-json\/wp\/v2\/pages"}],"about":[{"href":"https:\/\/brandification.com\/de\/wp-json\/wp\/v2\/types\/page"}],"author":[{"embeddable":true,"href":"https:\/\/brandification.com\/de\/wp-json\/wp\/v2\/users\/1"}],"replies":[{"embeddable":true,"href":"https:\/\/brandification.com\/de\/wp-json\/wp\/v2\/comments?post=25829"}],"version-history":[{"count":49,"href":"https:\/\/brandification.com\/de\/wp-json\/wp\/v2\/pages\/25829\/revisions"}],"predecessor-version":[{"id":26037,"href":"https:\/\/brandification.com\/de\/wp-json\/wp\/v2\/pages\/25829\/revisions\/26037"}],"wp:featuredmedia":[{"embeddable":true,"href":"https:\/\/brandification.com\/de\/wp-json\/wp\/v2\/media\/25845"}],"wp:attachment":[{"href":"https:\/\/brandification.com\/de\/wp-json\/wp\/v2\/media?parent=25829"}],"curies":[{"name":"wp","href":"https:\/\/api.w.org\/{rel}","templated":true}]}}