{"id":5428,"date":"2020-10-23T11:56:05","date_gmt":"2020-10-23T09:56:05","guid":{"rendered":"https:\/\/brandification.com\/de\/?page_id=5428"},"modified":"2025-01-29T12:15:22","modified_gmt":"2025-01-29T11:15:22","slug":"kunden-case-canada-life","status":"publish","type":"page","link":"https:\/\/brandification.com\/de\/kunden-case-canada-life\/","title":{"rendered":"Kunden-Case Canada Life"},"content":{"rendered":"\t\t<div data-elementor-type=\"wp-page\" data-elementor-id=\"5428\" class=\"elementor elementor-5428\" data-elementor-settings=\"{&quot;ha_cmc_init_switcher&quot;:&quot;no&quot;}\">\n\t\t\t\t\t\t<section class=\"elementor-section elementor-top-section elementor-element elementor-element-0ae4746 elementor-section-boxed elementor-section-height-default elementor-section-height-default\" data-id=\"0ae4746\" data-element_type=\"section\" data-e-type=\"section\" data-settings=\"{&quot;_ha_eqh_enable&quot;:false}\">\n\t\t\t\t\t\t<div class=\"elementor-container elementor-column-gap-default\">\n\t\t\t\t\t<div class=\"elementor-column elementor-col-100 elementor-top-column elementor-element elementor-element-43ba032\" data-id=\"43ba032\" data-element_type=\"column\" data-e-type=\"column\">\n\t\t\t<div class=\"elementor-widget-wrap elementor-element-populated\">\n\t\t\t\t\t\t<div class=\"elementor-element elementor-element-a2fa500 elementor-widget elementor-widget-heading\" data-id=\"a2fa500\" data-element_type=\"widget\" data-e-type=\"widget\" data-widget_type=\"heading.default\">\n\t\t\t\t<div class=\"elementor-widget-container\">\n\t\t\t\t\t<h1 class=\"elementor-heading-title elementor-size-default\">Kunden-Interview mit Silvia Rick von Canada Life<\/h1>\t\t\t\t<\/div>\n\t\t\t\t<\/div>\n\t\t\t\t\t<\/div>\n\t\t<\/div>\n\t\t\t\t\t<\/div>\n\t\t<\/section>\n\t\t\t\t<section class=\"elementor-section elementor-top-section elementor-element elementor-element-5401eac elementor-section-boxed elementor-section-height-default elementor-section-height-default\" data-id=\"5401eac\" data-element_type=\"section\" data-e-type=\"section\" data-settings=\"{&quot;_ha_eqh_enable&quot;:false}\">\n\t\t\t\t\t\t<div class=\"elementor-container elementor-column-gap-default\">\n\t\t\t\t\t<div class=\"elementor-column elementor-col-50 elementor-top-column elementor-element elementor-element-f5ec0ec elementor-invisible\" data-id=\"f5ec0ec\" data-element_type=\"column\" data-e-type=\"column\" data-settings=\"{&quot;animation&quot;:&quot;fadeInLeft&quot;}\">\n\t\t\t<div class=\"elementor-widget-wrap elementor-element-populated\">\n\t\t\t\t\t\t<div class=\"elementor-element elementor-element-fd20458 elementor-widget elementor-widget-heading\" data-id=\"fd20458\" data-element_type=\"widget\" data-e-type=\"widget\" data-widget_type=\"heading.default\">\n\t\t\t\t<div class=\"elementor-widget-container\">\n\t\t\t\t\t<h2 class=\"elementor-heading-title elementor-size-default\">Silvia Rick<\/h2>\t\t\t\t<\/div>\n\t\t\t\t<\/div>\n\t\t\t\t<div class=\"elementor-element elementor-element-6ead990 elementor-widget elementor-widget-text-editor\" data-id=\"6ead990\" data-element_type=\"widget\" data-e-type=\"widget\" data-settings=\"{&quot;_animation&quot;:&quot;none&quot;}\" data-widget_type=\"text-editor.default\">\n\t\t\t\t<div class=\"elementor-widget-container\">\n\t\t\t\t\t\t\t\t\t<p>ist Markenmanagement-Leiterin bei<strong> <a class=\"\" href=\"https:\/\/www.canadalife.de\" target=\"_blank\" rel=\"noopener noreferrer\" data-cp-link=\"1\">Canada Life Deutschland<\/a>.<\/strong>\u00a0Canada Life wurde 1847 als erster Lebensversicherer Kanadas in Hamilton, Ontario, gegr\u00fcndet. In Deutschland z\u00e4hlt Canada Life zu den gr\u00f6\u00dften Gesellschaften im Maklermarkt f\u00fcr fondsgebundene Produkte. Seit Mai 2019 nutzt Canada Life die Brandification Software als Brand Mangement Tool. Wir haben mit Silvia Rick \u00fcber ihre Erfahrungen mit der Software gesprochen.<\/p>\t\t\t\t\t\t\t\t<\/div>\n\t\t\t\t<\/div>\n\t\t\t\t<div class=\"elementor-element elementor-element-85d832c elementor-widget elementor-widget-image\" data-id=\"85d832c\" data-element_type=\"widget\" data-e-type=\"widget\" data-widget_type=\"image.default\">\n\t\t\t\t<div class=\"elementor-widget-container\">\n\t\t\t\t\t\t\t\t\t\t\t\t\t\t\t<img decoding=\"async\" width=\"300\" height=\"113\" src=\"https:\/\/brandification.com\/de\/wp-content\/uploads\/sites\/4\/2022\/05\/Logoeinpassung-08-300x113.png\" class=\"attachment-medium size-medium wp-image-10717\" alt=\"CanadaLife Logo\" srcset=\"https:\/\/brandification.com\/de\/wp-content\/uploads\/sites\/4\/2022\/05\/Logoeinpassung-08-300x113.png 300w, https:\/\/brandification.com\/de\/wp-content\/uploads\/sites\/4\/2022\/05\/Logoeinpassung-08-1024x386.png 1024w, https:\/\/brandification.com\/de\/wp-content\/uploads\/sites\/4\/2022\/05\/Logoeinpassung-08-768x289.png 768w, https:\/\/brandification.com\/de\/wp-content\/uploads\/sites\/4\/2022\/05\/Logoeinpassung-08.png 1131w\" sizes=\"(max-width: 300px) 100vw, 300px\" \/>\t\t\t\t\t\t\t\t\t\t\t\t\t\t\t<\/div>\n\t\t\t\t<\/div>\n\t\t\t\t\t<\/div>\n\t\t<\/div>\n\t\t\t\t<div class=\"elementor-column elementor-col-50 elementor-top-column elementor-element elementor-element-56bee8c\" data-id=\"56bee8c\" data-element_type=\"column\" data-e-type=\"column\">\n\t\t\t<div class=\"elementor-widget-wrap elementor-element-populated\">\n\t\t\t\t\t\t<div class=\"elementor-element elementor-element-e83d3a7 elementor-invisible elementor-widget elementor-widget-image\" data-id=\"e83d3a7\" data-element_type=\"widget\" data-e-type=\"widget\" data-settings=\"{&quot;_animation&quot;:&quot;fadeInDown&quot;}\" data-widget_type=\"image.default\">\n\t\t\t\t<div class=\"elementor-widget-container\">\n\t\t\t\t\t\t\t\t\t\t\t\t\t\t\t<img fetchpriority=\"high\" decoding=\"async\" width=\"743\" height=\"743\" src=\"https:\/\/brandification.com\/de\/wp-content\/uploads\/sites\/4\/2022\/05\/cropped-silvia-rick-canada-life-software-customer-case-4.jpg\" class=\"attachment-large size-large wp-image-8856\" alt=\"Silvia Rick Canada Life\" srcset=\"https:\/\/brandification.com\/de\/wp-content\/uploads\/sites\/4\/2022\/05\/cropped-silvia-rick-canada-life-software-customer-case-4.jpg 743w, https:\/\/brandification.com\/de\/wp-content\/uploads\/sites\/4\/2022\/05\/cropped-silvia-rick-canada-life-software-customer-case-4-300x300.jpg 300w, https:\/\/brandification.com\/de\/wp-content\/uploads\/sites\/4\/2022\/05\/cropped-silvia-rick-canada-life-software-customer-case-4-150x150.jpg 150w\" sizes=\"(max-width: 743px) 100vw, 743px\" \/>\t\t\t\t\t\t\t\t\t\t\t\t\t\t\t<\/div>\n\t\t\t\t<\/div>\n\t\t\t\t\t<\/div>\n\t\t<\/div>\n\t\t\t\t\t<\/div>\n\t\t<\/section>\n\t\t\t\t<section class=\"elementor-section elementor-top-section elementor-element elementor-element-c8b6413 elementor-section-boxed elementor-section-height-default elementor-section-height-default\" data-id=\"c8b6413\" data-element_type=\"section\" data-e-type=\"section\" data-settings=\"{&quot;_ha_eqh_enable&quot;:false}\">\n\t\t\t\t\t\t<div class=\"elementor-container elementor-column-gap-default\">\n\t\t\t\t\t<div class=\"elementor-column elementor-col-100 elementor-top-column elementor-element elementor-element-62bc36e\" data-id=\"62bc36e\" data-element_type=\"column\" data-e-type=\"column\">\n\t\t\t<div class=\"elementor-widget-wrap elementor-element-populated\">\n\t\t\t\t\t\t<div class=\"elementor-element elementor-element-28be360 elementor-widget elementor-widget-spacer\" data-id=\"28be360\" data-element_type=\"widget\" data-e-type=\"widget\" data-widget_type=\"spacer.default\">\n\t\t\t\t<div class=\"elementor-widget-container\">\n\t\t\t\t\t\t\t<div class=\"elementor-spacer\">\n\t\t\t<div class=\"elementor-spacer-inner\"><\/div>\n\t\t<\/div>\n\t\t\t\t\t\t<\/div>\n\t\t\t\t<\/div>\n\t\t\t\t\t<\/div>\n\t\t<\/div>\n\t\t\t\t\t<\/div>\n\t\t<\/section>\n\t\t\t\t<section class=\"elementor-section elementor-top-section elementor-element elementor-element-912b5f5 elementor-section-boxed elementor-section-height-default elementor-section-height-default elementor-invisible\" data-id=\"912b5f5\" data-element_type=\"section\" data-e-type=\"section\" data-settings=\"{&quot;animation&quot;:&quot;fadeInUp&quot;,&quot;_ha_eqh_enable&quot;:false}\">\n\t\t\t\t\t\t<div class=\"elementor-container elementor-column-gap-default\">\n\t\t\t\t\t<div class=\"elementor-column elementor-col-100 elementor-top-column elementor-element elementor-element-91c75e4\" data-id=\"91c75e4\" data-element_type=\"column\" data-e-type=\"column\">\n\t\t\t<div class=\"elementor-widget-wrap elementor-element-populated\">\n\t\t\t\t\t\t<div class=\"elementor-element elementor-element-8971eea elementor-widget elementor-widget-text-editor\" data-id=\"8971eea\" data-element_type=\"widget\" data-e-type=\"widget\" data-settings=\"{&quot;_animation&quot;:&quot;none&quot;}\" data-widget_type=\"text-editor.default\">\n\t\t\t\t<div class=\"elementor-widget-container\">\n\t\t\t\t\t\t\t\t\t<h3><strong><span style=\"font-size: 14pt\">Vielen Dank, dass Sie sich die Zeit genommen haben, Frau Rick! <\/span><\/strong><strong><span style=\"font-size: 14pt\">\u00a0<br \/>Welche Relevanz hat Marke f\u00fcr Canada Life als Finanzdienstleister?<\/span><\/strong><\/h3><p>Eine hohe! Denn als Versicherungsunternehmen haben wir kein Produkt zum Anfassen, Riechen oder Schmecken. Wir \u201everkaufen\u201c ein Versprechen auf einem St\u00fcck Papier und gehen damit eine lange Beziehung mit unseren Kunden ein. Die basiert auf Vertrauen \u00fcber 30, 40 Jahre und l\u00e4nger \u2013 wenn wir zum Beispiel \u00fcber Rentenversicherungen sprechen. <br \/>Deshalb spielt Marke f\u00fcr uns an allen Stellen, an denen der Kunde und auch unser Gesch\u00e4ftspartner Canada Life erleben, eine wichtige Rolle. Das geht weit \u00fcber das klassische Marketing hinaus. Jeder bei Canada Life leistet seinen Beitrag zur Marke in der t\u00e4glichen Arbeit.<br \/><br \/><\/p><h3 class=\"\"><strong><span style=\"font-size: 14pt\">Welche Herausforderungen gibt es f\u00fcr Sie in diesem Bereich?<\/span><\/strong><\/h3><p class=\"lead\">Als kanadisches Versicherungsunternehmen haben wir ein paar Pluspunkte in die Wiege gelegt bekommen. <br \/>Kanada als Land hat in Deutschland eine sehr positive Wahrnehmung, die uns in der Markenarbeit hilft. Entscheidend ist jedoch, dass wir den kanadischen Spirit erlebbar machen. Wir wollen sympathisch, kreativ und empathisch sein \u2013 also typisch kanadisch. Und gleichzeitig das einl\u00f6sen, was ein starkes Versicherungsunternehmen ausmacht. N\u00e4mlich Verantwortung, Sicherheit und Gemeinschaftssinn. Daf\u00fcr braucht es eine positive Unternehmenskultur, die alle Mitarbeiter leben, egal ob sie eine Managementfunktion haben, im direkten Kundenkontakt sind oder im Hintergrund Prozesse steuern. Zum Gl\u00fcck haben wir bereits beim Markteintritt 2000 gro\u00dfen Wert auf die Bedeutung der Marke Canada Life gelegt. Und sozusagen die Marke von innen nach au\u00dfen aufgebaut.<br \/><br \/><\/p><h3 class=\"\"><strong><span style=\"font-size: 14pt\">Welche Rolle spielt die Digitalisierung im Bereich Marke f\u00fcr Canada Life?<\/span><\/strong><\/h3><p class=\"lead\">Auch unsere Markenerlebnisse werden zunehmend digitaler. Gerade in den letzten Monaten haben die digitalen Markenkontaktpunkte an Bedeutung gewonnen \u2013 wie in vielen anderen Unternehmen auch. Eine gro\u00dfe Chance f\u00fcr positive Kundenerlebnisse, die das Markenversprechen einl\u00f6sen. Wer es schafft, hier als Marke authentisch zu agieren, und Kundenbed\u00fcrfnisse erf\u00fcllt, hat sicher zuk\u00fcnftig die Nase vorn.<br \/><br \/><\/p><h3 class=\"\"><strong><span style=\"font-size: 14pt\">Warum haben Sie sich f\u00fcr die Brandification Software als Brand Management Tool entschieden und was war Ihre Zielsetzung?<\/span><\/strong><\/h3><p class=\"lead\">Drei Dinge waren uns nach der Einf\u00fchrung der neuen Markenstrategie wichtig: <br \/>Wir suchten ein einfaches System, um die Entwicklungen an den Markenkontaktpunkten zu dokumentieren. Die <strong>Fortschritte<\/strong> sollten<strong> einfach messbar<\/strong> sein und wir wollten die <strong>Arbeit an der Marke transparent machen<\/strong>. All das kann die Brandification Software. <br \/>Das Tool war schnell mit dem Team von Brandification an unsere Bed\u00fcrfnisse angepasst und mit den Canada Life-Markenregeln hinterlegt. Jetzt haben wir eine <strong>gute \u00dcbersicht, welche Kontaktpunkten bereits gut gemanagt sind<\/strong> und wo noch Potential ist.<br \/><br \/><\/p><h3 class=\"\"><strong><span style=\"font-size: 14pt\">Wie hilft Ihnen Brandification, Ihre Ber\u00fchrungspunkte mit den Kunden zu kontrollieren und zu optimieren?<\/span><\/strong><\/h3><p class=\"lead\">Unser Anspruch ist es, nicht stehenzubleiben, sondern uns kontinuierlich zu verbessern. Das hei\u00dft, wir pr\u00fcfen die Kontaktpunkte mit unseren Kunden und Gesch\u00e4ftspartner regelm\u00e4\u00dfig und identifizieren, wo wir uns verbessern k\u00f6nnen, damit das Kundenerlebnis zu unserem Markenversprechen passt. <br \/>Brandification haben wir individuell an unsere Fragestellungen angepasst. Das hilft allen, die mit dem Tool arbeiten, <strong>strukturiert vorzugehen.<\/strong> Wir sind schon sehr gespannt auf die n\u00e4chste Analyse mit hoffentlich noch mehr gr\u00fcnen Ampeln. Das motiviert!<br \/><br \/><\/p><h3 class=\"\"><strong><span style=\"font-size: 14pt\">Wem w\u00fcrden Sie die Brandification Software empfehlen?<\/span><\/strong><\/h3><p class=\"lead\">Wer seine Marke klar definiert und festgelegt hat, wann ein Kontaktpunkt zur Marke passt und wann nicht, der hat mit Brandification einen echten Mehrwert. <strong>Markenarbeit wird transparent<\/strong> und bietet die Chance, alle wichtigen Bereiche im Unternehmen auf dem Weg zu noch besseren Kundenerlebnissen mitzunehmen. <br \/>Marke wird in- und extern positiv erlebbar!<br \/><br \/><\/p><h3 class=\"\"><strong><span style=\"font-size: 14pt\">Silvia Rick, vielen Dank f\u00fcr die spannenden Insights zu Ihren Erfahrungen mit der Brandification Software und alles Gute f\u00fcr Sie und Canada Life!<\/span><\/strong><\/h3>\t\t\t\t\t\t\t\t<\/div>\n\t\t\t\t<\/div>\n\t\t\t\t\t<\/div>\n\t\t<\/div>\n\t\t\t\t\t<\/div>\n\t\t<\/section>\n\t\t\t\t<\/div>\n\t\t","protected":false},"excerpt":{"rendered":"<p>Kunden-Interview mit Silvia Rick von Canada Life Silvia Rick ist Markenmanagement-Leiterin bei Canada Life Deutschland.\u00a0Canada Life wurde 1847 als erster Lebensversicherer Kanadas in Hamilton, Ontario, gegr\u00fcndet. In Deutschland z\u00e4hlt Canada Life zu den gr\u00f6\u00dften Gesellschaften im Maklermarkt f\u00fcr fondsgebundene Produkte. Seit Mai 2019 nutzt Canada Life die Brandification Software als Brand Mangement Tool. Wir haben [&hellip;]<\/p>\n","protected":false},"author":6,"featured_media":12950,"parent":0,"menu_order":0,"comment_status":"closed","ping_status":"closed","template":"","meta":{"footnotes":""},"class_list":["post-5428","page","type-page","status-publish","has-post-thumbnail","hentry"],"yoast_head":"<!-- This site is optimized with the Yoast SEO plugin v27.3 - https:\/\/yoast.com\/product\/yoast-seo-wordpress\/ -->\n<title>Kunden-Case Canada Life - Brandification<\/title>\n<meta name=\"description\" content=\"Seit 2019 nutzt Canada Life die Brandification Software als Brand Mangement Tool. Wir haben mit Silvia Rick \u00fcber ihre Erfahrungen gesprochen.\" \/>\n<meta name=\"robots\" content=\"index, follow, max-snippet:-1, max-image-preview:large, max-video-preview:-1\" \/>\n<link rel=\"canonical\" href=\"https:\/\/brandification.com\/de\/kunden-case-canada-life\/\" \/>\n<meta property=\"og:locale\" content=\"de_DE\" \/>\n<meta property=\"og:type\" content=\"article\" \/>\n<meta property=\"og:title\" content=\"Kunden-Case Canada Life - Brandification\" \/>\n<meta property=\"og:description\" content=\"Seit 2019 nutzt Canada Life die Brandification Software als Brand Mangement Tool. Wir haben mit Silvia Rick \u00fcber ihre Erfahrungen gesprochen.\" \/>\n<meta property=\"og:url\" content=\"https:\/\/brandification.com\/de\/kunden-case-canada-life\/\" \/>\n<meta property=\"og:site_name\" content=\"Brandification\" \/>\n<meta property=\"article:publisher\" content=\"https:\/\/www.facebook.com\/brandification.io\/\" \/>\n<meta property=\"article:modified_time\" content=\"2025-01-29T11:15:22+00:00\" \/>\n<meta name=\"twitter:card\" content=\"summary_large_image\" \/>\n<meta name=\"twitter:label1\" content=\"Gesch\u00e4tzte Lesezeit\" \/>\n\t<meta name=\"twitter:data1\" content=\"4\u00a0Minuten\" \/>\n<script type=\"application\/ld+json\" class=\"yoast-schema-graph\">{\"@context\":\"https:\\\/\\\/schema.org\",\"@graph\":[{\"@type\":\"WebPage\",\"@id\":\"https:\\\/\\\/brandification.com\\\/de\\\/kunden-case-canada-life\\\/\",\"url\":\"https:\\\/\\\/brandification.com\\\/de\\\/kunden-case-canada-life\\\/\",\"name\":\"Kunden-Case Canada Life - Brandification\",\"isPartOf\":{\"@id\":\"https:\\\/\\\/brandification.com\\\/de\\\/#website\"},\"primaryImageOfPage\":{\"@id\":\"https:\\\/\\\/brandification.com\\\/de\\\/kunden-case-canada-life\\\/#primaryimage\"},\"image\":{\"@id\":\"https:\\\/\\\/brandification.com\\\/de\\\/kunden-case-canada-life\\\/#primaryimage\"},\"thumbnailUrl\":\"https:\\\/\\\/brandification.com\\\/de\\\/wp-content\\\/uploads\\\/sites\\\/4\\\/2022\\\/06\\\/CanadaLife-Favicon.svg\",\"datePublished\":\"2020-10-23T09:56:05+00:00\",\"dateModified\":\"2025-01-29T11:15:22+00:00\",\"description\":\"Seit 2019 nutzt Canada Life die Brandification Software als Brand Mangement Tool. Wir haben mit Silvia Rick \u00fcber ihre Erfahrungen gesprochen.\",\"breadcrumb\":{\"@id\":\"https:\\\/\\\/brandification.com\\\/de\\\/kunden-case-canada-life\\\/#breadcrumb\"},\"inLanguage\":\"de\",\"potentialAction\":[{\"@type\":\"ReadAction\",\"target\":[\"https:\\\/\\\/brandification.com\\\/de\\\/kunden-case-canada-life\\\/\"]}]},{\"@type\":\"ImageObject\",\"inLanguage\":\"de\",\"@id\":\"https:\\\/\\\/brandification.com\\\/de\\\/kunden-case-canada-life\\\/#primaryimage\",\"url\":\"https:\\\/\\\/brandification.com\\\/de\\\/wp-content\\\/uploads\\\/sites\\\/4\\\/2022\\\/06\\\/CanadaLife-Favicon.svg\",\"contentUrl\":\"https:\\\/\\\/brandification.com\\\/de\\\/wp-content\\\/uploads\\\/sites\\\/4\\\/2022\\\/06\\\/CanadaLife-Favicon.svg\",\"width\":920,\"height\":900,\"caption\":\"CanadaLife Favicon\"},{\"@type\":\"BreadcrumbList\",\"@id\":\"https:\\\/\\\/brandification.com\\\/de\\\/kunden-case-canada-life\\\/#breadcrumb\",\"itemListElement\":[{\"@type\":\"ListItem\",\"position\":1,\"name\":\"Startseite\",\"item\":\"https:\\\/\\\/brandification.com\\\/de\\\/\"},{\"@type\":\"ListItem\",\"position\":2,\"name\":\"Kunden-Case Canada Life\"}]},{\"@type\":\"WebSite\",\"@id\":\"https:\\\/\\\/brandification.com\\\/de\\\/#website\",\"url\":\"https:\\\/\\\/brandification.com\\\/de\\\/\",\"name\":\"Brandification\",\"description\":\"Turn people into brand ambassadors\",\"publisher\":{\"@id\":\"https:\\\/\\\/brandification.com\\\/de\\\/#organization\"},\"potentialAction\":[{\"@type\":\"SearchAction\",\"target\":{\"@type\":\"EntryPoint\",\"urlTemplate\":\"https:\\\/\\\/brandification.com\\\/de\\\/?s={search_term_string}\"},\"query-input\":{\"@type\":\"PropertyValueSpecification\",\"valueRequired\":true,\"valueName\":\"search_term_string\"}}],\"inLanguage\":\"de\"},{\"@type\":\"Organization\",\"@id\":\"https:\\\/\\\/brandification.com\\\/de\\\/#organization\",\"name\":\"Brandification GmbH\",\"url\":\"https:\\\/\\\/brandification.com\\\/de\\\/\",\"logo\":{\"@type\":\"ImageObject\",\"inLanguage\":\"de\",\"@id\":\"https:\\\/\\\/brandification.com\\\/de\\\/#\\\/schema\\\/logo\\\/image\\\/\",\"url\":\"https:\\\/\\\/brandification.com\\\/de\\\/wp-content\\\/uploads\\\/sites\\\/4\\\/2022\\\/05\\\/cropped-App-Favicon.png\",\"contentUrl\":\"https:\\\/\\\/brandification.com\\\/de\\\/wp-content\\\/uploads\\\/sites\\\/4\\\/2022\\\/05\\\/cropped-App-Favicon.png\",\"width\":512,\"height\":512,\"caption\":\"Brandification GmbH\"},\"image\":{\"@id\":\"https:\\\/\\\/brandification.com\\\/de\\\/#\\\/schema\\\/logo\\\/image\\\/\"},\"sameAs\":[\"https:\\\/\\\/www.facebook.com\\\/brandification.io\\\/\",\"https:\\\/\\\/www.linkedin.com\\\/company\\\/brandification\\\/\",\"https:\\\/\\\/www.youtube.com\\\/channel\\\/UCLJbDMmDWtPuOZmkK-Ath3Q\",\"https:\\\/\\\/www.instagram.com\\\/brandification.io\\\/?hl=de\"]}]}<\/script>\n<!-- \/ Yoast SEO plugin. -->","yoast_head_json":{"title":"Kunden-Case Canada Life - Brandification","description":"Seit 2019 nutzt Canada Life die Brandification Software als Brand Mangement Tool. Wir haben mit Silvia Rick \u00fcber ihre Erfahrungen gesprochen.","robots":{"index":"index","follow":"follow","max-snippet":"max-snippet:-1","max-image-preview":"max-image-preview:large","max-video-preview":"max-video-preview:-1"},"canonical":"https:\/\/brandification.com\/de\/kunden-case-canada-life\/","og_locale":"de_DE","og_type":"article","og_title":"Kunden-Case Canada Life - Brandification","og_description":"Seit 2019 nutzt Canada Life die Brandification Software als Brand Mangement Tool. Wir haben mit Silvia Rick \u00fcber ihre Erfahrungen gesprochen.","og_url":"https:\/\/brandification.com\/de\/kunden-case-canada-life\/","og_site_name":"Brandification","article_publisher":"https:\/\/www.facebook.com\/brandification.io\/","article_modified_time":"2025-01-29T11:15:22+00:00","twitter_card":"summary_large_image","twitter_misc":{"Gesch\u00e4tzte Lesezeit":"4\u00a0Minuten"},"schema":{"@context":"https:\/\/schema.org","@graph":[{"@type":"WebPage","@id":"https:\/\/brandification.com\/de\/kunden-case-canada-life\/","url":"https:\/\/brandification.com\/de\/kunden-case-canada-life\/","name":"Kunden-Case Canada Life - Brandification","isPartOf":{"@id":"https:\/\/brandification.com\/de\/#website"},"primaryImageOfPage":{"@id":"https:\/\/brandification.com\/de\/kunden-case-canada-life\/#primaryimage"},"image":{"@id":"https:\/\/brandification.com\/de\/kunden-case-canada-life\/#primaryimage"},"thumbnailUrl":"https:\/\/brandification.com\/de\/wp-content\/uploads\/sites\/4\/2022\/06\/CanadaLife-Favicon.svg","datePublished":"2020-10-23T09:56:05+00:00","dateModified":"2025-01-29T11:15:22+00:00","description":"Seit 2019 nutzt Canada Life die Brandification Software als Brand Mangement Tool. Wir haben mit Silvia Rick \u00fcber ihre Erfahrungen gesprochen.","breadcrumb":{"@id":"https:\/\/brandification.com\/de\/kunden-case-canada-life\/#breadcrumb"},"inLanguage":"de","potentialAction":[{"@type":"ReadAction","target":["https:\/\/brandification.com\/de\/kunden-case-canada-life\/"]}]},{"@type":"ImageObject","inLanguage":"de","@id":"https:\/\/brandification.com\/de\/kunden-case-canada-life\/#primaryimage","url":"https:\/\/brandification.com\/de\/wp-content\/uploads\/sites\/4\/2022\/06\/CanadaLife-Favicon.svg","contentUrl":"https:\/\/brandification.com\/de\/wp-content\/uploads\/sites\/4\/2022\/06\/CanadaLife-Favicon.svg","width":920,"height":900,"caption":"CanadaLife Favicon"},{"@type":"BreadcrumbList","@id":"https:\/\/brandification.com\/de\/kunden-case-canada-life\/#breadcrumb","itemListElement":[{"@type":"ListItem","position":1,"name":"Startseite","item":"https:\/\/brandification.com\/de\/"},{"@type":"ListItem","position":2,"name":"Kunden-Case Canada Life"}]},{"@type":"WebSite","@id":"https:\/\/brandification.com\/de\/#website","url":"https:\/\/brandification.com\/de\/","name":"Brandification","description":"Turn people into brand ambassadors","publisher":{"@id":"https:\/\/brandification.com\/de\/#organization"},"potentialAction":[{"@type":"SearchAction","target":{"@type":"EntryPoint","urlTemplate":"https:\/\/brandification.com\/de\/?s={search_term_string}"},"query-input":{"@type":"PropertyValueSpecification","valueRequired":true,"valueName":"search_term_string"}}],"inLanguage":"de"},{"@type":"Organization","@id":"https:\/\/brandification.com\/de\/#organization","name":"Brandification GmbH","url":"https:\/\/brandification.com\/de\/","logo":{"@type":"ImageObject","inLanguage":"de","@id":"https:\/\/brandification.com\/de\/#\/schema\/logo\/image\/","url":"https:\/\/brandification.com\/de\/wp-content\/uploads\/sites\/4\/2022\/05\/cropped-App-Favicon.png","contentUrl":"https:\/\/brandification.com\/de\/wp-content\/uploads\/sites\/4\/2022\/05\/cropped-App-Favicon.png","width":512,"height":512,"caption":"Brandification GmbH"},"image":{"@id":"https:\/\/brandification.com\/de\/#\/schema\/logo\/image\/"},"sameAs":["https:\/\/www.facebook.com\/brandification.io\/","https:\/\/www.linkedin.com\/company\/brandification\/","https:\/\/www.youtube.com\/channel\/UCLJbDMmDWtPuOZmkK-Ath3Q","https:\/\/www.instagram.com\/brandification.io\/?hl=de"]}]}},"_links":{"self":[{"href":"https:\/\/brandification.com\/de\/wp-json\/wp\/v2\/pages\/5428","targetHints":{"allow":["GET"]}}],"collection":[{"href":"https:\/\/brandification.com\/de\/wp-json\/wp\/v2\/pages"}],"about":[{"href":"https:\/\/brandification.com\/de\/wp-json\/wp\/v2\/types\/page"}],"author":[{"embeddable":true,"href":"https:\/\/brandification.com\/de\/wp-json\/wp\/v2\/users\/6"}],"replies":[{"embeddable":true,"href":"https:\/\/brandification.com\/de\/wp-json\/wp\/v2\/comments?post=5428"}],"version-history":[{"count":0,"href":"https:\/\/brandification.com\/de\/wp-json\/wp\/v2\/pages\/5428\/revisions"}],"wp:featuredmedia":[{"embeddable":true,"href":"https:\/\/brandification.com\/de\/wp-json\/wp\/v2\/media\/12950"}],"wp:attachment":[{"href":"https:\/\/brandification.com\/de\/wp-json\/wp\/v2\/media?parent=5428"}],"curies":[{"name":"wp","href":"https:\/\/api.w.org\/{rel}","templated":true}]}}