{"id":9822,"date":"2022-05-17T13:09:37","date_gmt":"2022-05-17T11:09:37","guid":{"rendered":"https:\/\/brandification.com\/themetesting\/?page_id=9822"},"modified":"2025-12-16T12:17:36","modified_gmt":"2025-12-16T11:17:36","slug":"impressum-2","status":"publish","type":"page","link":"https:\/\/brandification.com\/de\/impressum-2\/","title":{"rendered":"Impressum"},"content":{"rendered":"\t\t<div data-elementor-type=\"wp-page\" data-elementor-id=\"9822\" class=\"elementor elementor-9822\" data-elementor-settings=\"{&quot;ha_cmc_init_switcher&quot;:&quot;no&quot;}\">\n\t\t\t\t\t\t<section class=\"elementor-section elementor-top-section elementor-element elementor-element-1af35642 elementor-section-boxed elementor-section-height-default elementor-section-height-default\" data-id=\"1af35642\" data-element_type=\"section\" data-e-type=\"section\" data-settings=\"{&quot;_ha_eqh_enable&quot;:false}\">\n\t\t\t\t\t\t<div class=\"elementor-container elementor-column-gap-default\">\n\t\t\t\t\t<div class=\"elementor-column elementor-col-100 elementor-top-column elementor-element elementor-element-5d163d71\" data-id=\"5d163d71\" data-element_type=\"column\" data-e-type=\"column\">\n\t\t\t<div class=\"elementor-widget-wrap elementor-element-populated\">\n\t\t\t\t\t\t<section class=\"elementor-section elementor-inner-section elementor-element elementor-element-3b03a2a elementor-section-boxed elementor-section-height-default elementor-section-height-default\" data-id=\"3b03a2a\" data-element_type=\"section\" data-e-type=\"section\" data-settings=\"{&quot;_ha_eqh_enable&quot;:false}\">\n\t\t\t\t\t\t<div class=\"elementor-container elementor-column-gap-default\">\n\t\t\t\t\t<div class=\"elementor-column elementor-col-100 elementor-inner-column elementor-element elementor-element-aaa2d7f\" data-id=\"aaa2d7f\" data-element_type=\"column\" data-e-type=\"column\">\n\t\t\t<div class=\"elementor-widget-wrap elementor-element-populated\">\n\t\t\t\t\t\t<div class=\"elementor-element elementor-element-d7b439e elementor-widget elementor-widget-heading\" data-id=\"d7b439e\" data-element_type=\"widget\" data-e-type=\"widget\" data-widget_type=\"heading.default\">\n\t\t\t\t<div class=\"elementor-widget-container\">\n\t\t\t\t\t<h1 class=\"elementor-heading-title elementor-size-default\">Impressum<\/h1>\t\t\t\t<\/div>\n\t\t\t\t<\/div>\n\t\t\t\t<div class=\"elementor-element elementor-element-aa365c0 elementor-widget elementor-widget-spacer\" data-id=\"aa365c0\" data-element_type=\"widget\" data-e-type=\"widget\" data-widget_type=\"spacer.default\">\n\t\t\t\t<div class=\"elementor-widget-container\">\n\t\t\t\t\t\t\t<div class=\"elementor-spacer\">\n\t\t\t<div class=\"elementor-spacer-inner\"><\/div>\n\t\t<\/div>\n\t\t\t\t\t\t<\/div>\n\t\t\t\t<\/div>\n\t\t\t\t<div class=\"elementor-element elementor-element-59616ba elementor-widget elementor-widget-heading\" data-id=\"59616ba\" data-element_type=\"widget\" data-e-type=\"widget\" data-widget_type=\"heading.default\">\n\t\t\t\t<div class=\"elementor-widget-container\">\n\t\t\t\t\t<h3 class=\"elementor-heading-title elementor-size-default\">Brandification GmbH<\/h3>\t\t\t\t<\/div>\n\t\t\t\t<\/div>\n\t\t\t\t<div class=\"elementor-element elementor-element-b04cda8 elementor-widget elementor-widget-text-editor\" data-id=\"b04cda8\" data-element_type=\"widget\" data-e-type=\"widget\" data-widget_type=\"text-editor.default\">\n\t\t\t\t<div class=\"elementor-widget-container\">\n\t\t\t\t\t\t\t\t\t<p style=\"margin-right: 0px; margin-bottom: 16px; margin-left: 0px; padding: 0px; outline: 0px; word-wrap: break-word; caret-color: #000000; color: #000000; font-family: 'Inter UI var alt', sans-serif !important;\">Johannisstr. 38<br style=\"margin: 0px; padding: 0px; outline: 0px;\" \/>90419 N\u00fcrnberg<br style=\"margin: 0px; padding: 0px; outline: 0px;\" \/>Deutschland<\/p><p style=\"margin-right: 0px; margin-bottom: 16px; margin-left: 0px; padding: 0px; outline: 0px; word-wrap: break-word; caret-color: #000000; color: #000000; font-family: 'Inter UI var alt', sans-serif !important;\">Du hast Fragen oder w\u00fcnscht dir eine Demovorf\u00fchrung der Brandification Software?<br style=\"margin: 0px; padding: 0px; outline: 0px;\" \/>Rufe uns an.<br style=\"margin: 0px; padding: 0px; outline: 0px;\" \/>Tel. (+49) 911 \u2013 350 64 9950<\/p><p style=\"margin-right: 0px; margin-bottom: 16px; margin-left: 0px; padding: 0px; outline: 0px; word-wrap: break-word; caret-color: #000000; color: #000000; font-family: 'Inter UI var alt', sans-serif !important;\">Oder schreibe uns: <a href=\"mailto:mail@brandification.com\">mail@brandification.com<\/a><\/p><p style=\"margin-right: 0px; margin-bottom: 16px; margin-left: 0px; padding: 0px; outline: 0px; word-wrap: break-word; caret-color: #000000; color: #000000; font-family: 'Inter UI var alt', sans-serif !important;\">Gesch\u00e4ftsf\u00fchrer: Christoph Hack<\/p><p style=\"margin-right: 0px; margin-bottom: 16px; margin-left: 0px; padding: 0px; outline: 0px; word-wrap: break-word; caret-color: #000000; color: #000000; font-family: 'Inter UI var alt', sans-serif !important;\">Eingetragen in das Handelsregister unter der<br style=\"margin: 0px; padding: 0px; outline: 0px;\" \/>Registernummer des AG N\u00fcrnberg<\/p><p style=\"margin-right: 0px; margin-bottom: 16px; margin-left: 0px; padding: 0px; outline: 0px; word-wrap: break-word; caret-color: #000000; color: #000000; font-family: 'Inter UI var alt', sans-serif !important;\">HRB 29690 \u00b7 USt-IdNr. DE 289 66 88 07<\/p><p style=\"margin-right: 0px; margin-bottom: 16px; margin-left: 0px; padding: 0px; outline: 0px; word-wrap: break-word; caret-color: #000000; color: #000000; font-family: 'Inter UI var alt', sans-serif !important;\">Verantwortlich f\u00fcr die journalistisch-redaktionellen Inhalte nach \u00a7 5 TMG &amp; \u00a7 18 Abs. 2 MStV:<\/p><p style=\"margin-right: 0px; margin-bottom: 0px; margin-left: 0px; padding: 0px; outline: 0px; word-wrap: break-word; caret-color: #000000; color: #000000; font-family: 'Inter UI var alt', sans-serif !important;\">Brandification GmbH<br style=\"margin: 0px; padding: 0px; outline: 0px;\" \/>Meikel Wolter<br style=\"margin: 0px; padding: 0px; outline: 0px;\" \/>Johannisstr. 38<br style=\"margin: 0px; padding: 0px; outline: 0px;\" \/>90419 N\u00fcrnberg<br style=\"margin: 0px; padding: 0px; outline: 0px;\" \/>Deutschland<\/p>\t\t\t\t\t\t\t\t<\/div>\n\t\t\t\t<\/div>\n\t\t\t\t\t<\/div>\n\t\t<\/div>\n\t\t\t\t\t<\/div>\n\t\t<\/section>\n\t\t\t\t<div class=\"elementor-element elementor-element-f49c5eb elementor-widget elementor-widget-spacer\" data-id=\"f49c5eb\" data-element_type=\"widget\" data-e-type=\"widget\" data-widget_type=\"spacer.default\">\n\t\t\t\t<div class=\"elementor-widget-container\">\n\t\t\t\t\t\t\t<div class=\"elementor-spacer\">\n\t\t\t<div class=\"elementor-spacer-inner\"><\/div>\n\t\t<\/div>\n\t\t\t\t\t\t<\/div>\n\t\t\t\t<\/div>\n\t\t\t\t\t<\/div>\n\t\t<\/div>\n\t\t\t\t\t<\/div>\n\t\t<\/section>\n\t\t\t\t<\/div>\n\t\t","protected":false},"excerpt":{"rendered":"<p>Impressum Brandification GmbH Johannisstr. 3890419 N\u00fcrnbergDeutschland Du hast Fragen oder w\u00fcnscht dir eine Demovorf\u00fchrung der Brandification Software?Rufe uns an.Tel. (+49) 911 \u2013 350 64 9950 Oder schreibe uns: mail@brandification.com Gesch\u00e4ftsf\u00fchrer: Christoph Hack Eingetragen in das Handelsregister unter derRegisternummer des AG N\u00fcrnberg HRB 29690 \u00b7 USt-IdNr. DE 289 66 88 07 Verantwortlich f\u00fcr die journalistisch-redaktionellen Inhalte [&hellip;]<\/p>\n","protected":false},"author":1,"featured_media":14018,"parent":0,"menu_order":0,"comment_status":"closed","ping_status":"closed","template":"","meta":{"footnotes":""},"class_list":["post-9822","page","type-page","status-publish","has-post-thumbnail","hentry"],"yoast_head":"<!-- This site is optimized with the Yoast SEO plugin v27.3 - https:\/\/yoast.com\/product\/yoast-seo-wordpress\/ -->\n<title>Impressum - Brandification<\/title>\n<meta name=\"description\" content=\"Du hast Fragen oder w\u00fcnscht dir eine Demovorf\u00fchrung des Brandification Tools? Schreibe uns: mail@brandification.com\" \/>\n<meta name=\"robots\" content=\"index, follow, max-snippet:-1, max-image-preview:large, max-video-preview:-1\" \/>\n<link rel=\"canonical\" href=\"https:\/\/brandification.com\/de\/impressum-2\/\" \/>\n<meta property=\"og:locale\" content=\"de_DE\" \/>\n<meta property=\"og:type\" content=\"article\" \/>\n<meta property=\"og:title\" content=\"Impressum - Brandification\" \/>\n<meta property=\"og:description\" content=\"Du hast Fragen oder w\u00fcnscht dir eine Demovorf\u00fchrung des Brandification Tools? Schreibe uns: mail@brandification.com\" \/>\n<meta property=\"og:url\" content=\"https:\/\/brandification.com\/de\/impressum-2\/\" \/>\n<meta property=\"og:site_name\" content=\"Brandification\" \/>\n<meta property=\"article:publisher\" content=\"https:\/\/www.facebook.com\/brandification.io\/\" \/>\n<meta property=\"article:modified_time\" content=\"2025-12-16T11:17:36+00:00\" \/>\n<meta property=\"og:image\" content=\"https:\/\/brandification.com\/de\/wp-content\/uploads\/sites\/4\/2022\/07\/DSC_0355-min-scaled.jpg\" \/>\n\t<meta property=\"og:image:width\" content=\"2560\" \/>\n\t<meta property=\"og:image:height\" content=\"1707\" \/>\n\t<meta property=\"og:image:type\" content=\"image\/jpeg\" \/>\n<meta name=\"twitter:card\" content=\"summary_large_image\" \/>\n<meta name=\"twitter:label1\" content=\"Gesch\u00e4tzte Lesezeit\" \/>\n\t<meta name=\"twitter:data1\" content=\"1\u00a0Minute\" \/>\n<script type=\"application\/ld+json\" class=\"yoast-schema-graph\">{\"@context\":\"https:\\\/\\\/schema.org\",\"@graph\":[{\"@type\":\"WebPage\",\"@id\":\"https:\\\/\\\/brandification.com\\\/de\\\/impressum-2\\\/\",\"url\":\"https:\\\/\\\/brandification.com\\\/de\\\/impressum-2\\\/\",\"name\":\"Impressum - Brandification\",\"isPartOf\":{\"@id\":\"https:\\\/\\\/brandification.com\\\/de\\\/#website\"},\"primaryImageOfPage\":{\"@id\":\"https:\\\/\\\/brandification.com\\\/de\\\/impressum-2\\\/#primaryimage\"},\"image\":{\"@id\":\"https:\\\/\\\/brandification.com\\\/de\\\/impressum-2\\\/#primaryimage\"},\"thumbnailUrl\":\"https:\\\/\\\/brandification.com\\\/de\\\/wp-content\\\/uploads\\\/sites\\\/4\\\/2022\\\/07\\\/DSC_0355-min-scaled.jpg\",\"datePublished\":\"2022-05-17T11:09:37+00:00\",\"dateModified\":\"2025-12-16T11:17:36+00:00\",\"description\":\"Du hast Fragen oder w\u00fcnscht dir eine Demovorf\u00fchrung des Brandification Tools? Schreibe uns: mail@brandification.com\",\"breadcrumb\":{\"@id\":\"https:\\\/\\\/brandification.com\\\/de\\\/impressum-2\\\/#breadcrumb\"},\"inLanguage\":\"de\",\"potentialAction\":[{\"@type\":\"ReadAction\",\"target\":[\"https:\\\/\\\/brandification.com\\\/de\\\/impressum-2\\\/\"]}]},{\"@type\":\"ImageObject\",\"inLanguage\":\"de\",\"@id\":\"https:\\\/\\\/brandification.com\\\/de\\\/impressum-2\\\/#primaryimage\",\"url\":\"https:\\\/\\\/brandification.com\\\/de\\\/wp-content\\\/uploads\\\/sites\\\/4\\\/2022\\\/07\\\/DSC_0355-min-scaled.jpg\",\"contentUrl\":\"https:\\\/\\\/brandification.com\\\/de\\\/wp-content\\\/uploads\\\/sites\\\/4\\\/2022\\\/07\\\/DSC_0355-min-scaled.jpg\",\"width\":2560,\"height\":1707,\"caption\":\"Brandification Event 2022\"},{\"@type\":\"BreadcrumbList\",\"@id\":\"https:\\\/\\\/brandification.com\\\/de\\\/impressum-2\\\/#breadcrumb\",\"itemListElement\":[{\"@type\":\"ListItem\",\"position\":1,\"name\":\"Startseite\",\"item\":\"https:\\\/\\\/brandification.com\\\/de\\\/\"},{\"@type\":\"ListItem\",\"position\":2,\"name\":\"Impressum\"}]},{\"@type\":\"WebSite\",\"@id\":\"https:\\\/\\\/brandification.com\\\/de\\\/#website\",\"url\":\"https:\\\/\\\/brandification.com\\\/de\\\/\",\"name\":\"Brandification\",\"description\":\"Turn people into brand ambassadors\",\"publisher\":{\"@id\":\"https:\\\/\\\/brandification.com\\\/de\\\/#organization\"},\"potentialAction\":[{\"@type\":\"SearchAction\",\"target\":{\"@type\":\"EntryPoint\",\"urlTemplate\":\"https:\\\/\\\/brandification.com\\\/de\\\/?s={search_term_string}\"},\"query-input\":{\"@type\":\"PropertyValueSpecification\",\"valueRequired\":true,\"valueName\":\"search_term_string\"}}],\"inLanguage\":\"de\"},{\"@type\":\"Organization\",\"@id\":\"https:\\\/\\\/brandification.com\\\/de\\\/#organization\",\"name\":\"Brandification GmbH\",\"url\":\"https:\\\/\\\/brandification.com\\\/de\\\/\",\"logo\":{\"@type\":\"ImageObject\",\"inLanguage\":\"de\",\"@id\":\"https:\\\/\\\/brandification.com\\\/de\\\/#\\\/schema\\\/logo\\\/image\\\/\",\"url\":\"https:\\\/\\\/brandification.com\\\/de\\\/wp-content\\\/uploads\\\/sites\\\/4\\\/2022\\\/05\\\/cropped-App-Favicon.png\",\"contentUrl\":\"https:\\\/\\\/brandification.com\\\/de\\\/wp-content\\\/uploads\\\/sites\\\/4\\\/2022\\\/05\\\/cropped-App-Favicon.png\",\"width\":512,\"height\":512,\"caption\":\"Brandification GmbH\"},\"image\":{\"@id\":\"https:\\\/\\\/brandification.com\\\/de\\\/#\\\/schema\\\/logo\\\/image\\\/\"},\"sameAs\":[\"https:\\\/\\\/www.facebook.com\\\/brandification.io\\\/\",\"https:\\\/\\\/www.linkedin.com\\\/company\\\/brandification\\\/\",\"https:\\\/\\\/www.youtube.com\\\/channel\\\/UCLJbDMmDWtPuOZmkK-Ath3Q\",\"https:\\\/\\\/www.instagram.com\\\/brandification.io\\\/?hl=de\"]}]}<\/script>\n<!-- \/ Yoast SEO plugin. -->","yoast_head_json":{"title":"Impressum - Brandification","description":"Du hast Fragen oder w\u00fcnscht dir eine Demovorf\u00fchrung des Brandification Tools? Schreibe uns: mail@brandification.com","robots":{"index":"index","follow":"follow","max-snippet":"max-snippet:-1","max-image-preview":"max-image-preview:large","max-video-preview":"max-video-preview:-1"},"canonical":"https:\/\/brandification.com\/de\/impressum-2\/","og_locale":"de_DE","og_type":"article","og_title":"Impressum - Brandification","og_description":"Du hast Fragen oder w\u00fcnscht dir eine Demovorf\u00fchrung des Brandification Tools? Schreibe uns: mail@brandification.com","og_url":"https:\/\/brandification.com\/de\/impressum-2\/","og_site_name":"Brandification","article_publisher":"https:\/\/www.facebook.com\/brandification.io\/","article_modified_time":"2025-12-16T11:17:36+00:00","og_image":[{"width":2560,"height":1707,"url":"https:\/\/brandification.com\/de\/wp-content\/uploads\/sites\/4\/2022\/07\/DSC_0355-min-scaled.jpg","type":"image\/jpeg"}],"twitter_card":"summary_large_image","twitter_misc":{"Gesch\u00e4tzte Lesezeit":"1\u00a0Minute"},"schema":{"@context":"https:\/\/schema.org","@graph":[{"@type":"WebPage","@id":"https:\/\/brandification.com\/de\/impressum-2\/","url":"https:\/\/brandification.com\/de\/impressum-2\/","name":"Impressum - Brandification","isPartOf":{"@id":"https:\/\/brandification.com\/de\/#website"},"primaryImageOfPage":{"@id":"https:\/\/brandification.com\/de\/impressum-2\/#primaryimage"},"image":{"@id":"https:\/\/brandification.com\/de\/impressum-2\/#primaryimage"},"thumbnailUrl":"https:\/\/brandification.com\/de\/wp-content\/uploads\/sites\/4\/2022\/07\/DSC_0355-min-scaled.jpg","datePublished":"2022-05-17T11:09:37+00:00","dateModified":"2025-12-16T11:17:36+00:00","description":"Du hast Fragen oder w\u00fcnscht dir eine Demovorf\u00fchrung des Brandification Tools? Schreibe uns: mail@brandification.com","breadcrumb":{"@id":"https:\/\/brandification.com\/de\/impressum-2\/#breadcrumb"},"inLanguage":"de","potentialAction":[{"@type":"ReadAction","target":["https:\/\/brandification.com\/de\/impressum-2\/"]}]},{"@type":"ImageObject","inLanguage":"de","@id":"https:\/\/brandification.com\/de\/impressum-2\/#primaryimage","url":"https:\/\/brandification.com\/de\/wp-content\/uploads\/sites\/4\/2022\/07\/DSC_0355-min-scaled.jpg","contentUrl":"https:\/\/brandification.com\/de\/wp-content\/uploads\/sites\/4\/2022\/07\/DSC_0355-min-scaled.jpg","width":2560,"height":1707,"caption":"Brandification Event 2022"},{"@type":"BreadcrumbList","@id":"https:\/\/brandification.com\/de\/impressum-2\/#breadcrumb","itemListElement":[{"@type":"ListItem","position":1,"name":"Startseite","item":"https:\/\/brandification.com\/de\/"},{"@type":"ListItem","position":2,"name":"Impressum"}]},{"@type":"WebSite","@id":"https:\/\/brandification.com\/de\/#website","url":"https:\/\/brandification.com\/de\/","name":"Brandification","description":"Turn people into brand ambassadors","publisher":{"@id":"https:\/\/brandification.com\/de\/#organization"},"potentialAction":[{"@type":"SearchAction","target":{"@type":"EntryPoint","urlTemplate":"https:\/\/brandification.com\/de\/?s={search_term_string}"},"query-input":{"@type":"PropertyValueSpecification","valueRequired":true,"valueName":"search_term_string"}}],"inLanguage":"de"},{"@type":"Organization","@id":"https:\/\/brandification.com\/de\/#organization","name":"Brandification GmbH","url":"https:\/\/brandification.com\/de\/","logo":{"@type":"ImageObject","inLanguage":"de","@id":"https:\/\/brandification.com\/de\/#\/schema\/logo\/image\/","url":"https:\/\/brandification.com\/de\/wp-content\/uploads\/sites\/4\/2022\/05\/cropped-App-Favicon.png","contentUrl":"https:\/\/brandification.com\/de\/wp-content\/uploads\/sites\/4\/2022\/05\/cropped-App-Favicon.png","width":512,"height":512,"caption":"Brandification GmbH"},"image":{"@id":"https:\/\/brandification.com\/de\/#\/schema\/logo\/image\/"},"sameAs":["https:\/\/www.facebook.com\/brandification.io\/","https:\/\/www.linkedin.com\/company\/brandification\/","https:\/\/www.youtube.com\/channel\/UCLJbDMmDWtPuOZmkK-Ath3Q","https:\/\/www.instagram.com\/brandification.io\/?hl=de"]}]}},"_links":{"self":[{"href":"https:\/\/brandification.com\/de\/wp-json\/wp\/v2\/pages\/9822","targetHints":{"allow":["GET"]}}],"collection":[{"href":"https:\/\/brandification.com\/de\/wp-json\/wp\/v2\/pages"}],"about":[{"href":"https:\/\/brandification.com\/de\/wp-json\/wp\/v2\/types\/page"}],"author":[{"embeddable":true,"href":"https:\/\/brandification.com\/de\/wp-json\/wp\/v2\/users\/1"}],"replies":[{"embeddable":true,"href":"https:\/\/brandification.com\/de\/wp-json\/wp\/v2\/comments?post=9822"}],"version-history":[{"count":3,"href":"https:\/\/brandification.com\/de\/wp-json\/wp\/v2\/pages\/9822\/revisions"}],"predecessor-version":[{"id":26043,"href":"https:\/\/brandification.com\/de\/wp-json\/wp\/v2\/pages\/9822\/revisions\/26043"}],"wp:featuredmedia":[{"embeddable":true,"href":"https:\/\/brandification.com\/de\/wp-json\/wp\/v2\/media\/14018"}],"wp:attachment":[{"href":"https:\/\/brandification.com\/de\/wp-json\/wp\/v2\/media?parent=9822"}],"curies":[{"name":"wp","href":"https:\/\/api.w.org\/{rel}","templated":true}]}}